{"id":124,"date":"2023-09-04T12:32:45","date_gmt":"2023-09-04T10:32:45","guid":{"rendered":"https:\/\/ambbeirut.esteri.it\/?page_id=124"},"modified":"2025-01-20T12:52:25","modified_gmt":"2025-01-20T11:52:25","slug":"contatti","status":"publish","type":"page","link":"https:\/\/ambbeirut.esteri.it\/it\/chi-siamo\/contatti\/","title":{"rendered":"Contatti"},"content":{"rendered":"<p style=\"text-align: justify;\">Ambasciata d\u2019Italia a Beirut<br \/>\nRue du Palais Presidentiel<br \/>\n2902 2633 \u2013 Baabda<br \/>\nP.O. Box 40 057 Baabda<\/p>\n<p style=\"text-align: justify;\">Centralino: +961 5 954955<br \/>\nFax +961 5 959616<br \/>\nemail: a<a href=\"mailto:mba.beirut@esteri.it\" target=\"_blank\" rel=\"noopener\">mba.beirut@esteri.it<\/a><\/p>\n<p><a href=\"mailto:amb.beirut@cert.esteri.it\" target=\"_blank\" rel=\"noopener\">amb.beirut@cert.esteri.it<\/a><\/p>\n<p style=\"text-align: justify;\">Il Centralino dell\u2019Ambasciata \u00e8 attivo dal luned\u00ec al venerd\u00ec dalle 8:00 alle 18:00.<br \/>\nAl di fuori dell\u2019orario di apertura dell\u2019Ambasciata, \u00e8 possibile contattare &#8211; solo in caso di reale necessit\u00e0 &#8211; <strong>la linea di emergenza per i connazionali: +9613489966.<\/strong><\/p>\n","protected":false},"excerpt":{"rendered":"Ambasciata d\u2019Italia a Beirut Rue du Palais Presidentiel 2902 2633 \u2013 Baabda P.O. Box 40 057 Baabda Centralino: +961 5 954955 Fax +961 5 959616 email: amba.beirut@esteri.it amb.beirut@cert.esteri.it Il Centralino dell\u2019Ambasciata \u00e8 attivo dal luned\u00ec al venerd\u00ec dalle 8:00 alle 18:00. Al di fuori dell\u2019orario di apertura dell\u2019Ambasciata, \u00e8 possibile contattare &#8211; solo in caso [&hellip;]","protected":false},"author":1,"featured_media":0,"parent":13,"menu_order":4,"comment_status":"closed","ping_status":"closed","template":"","meta":{"footnotes":""},"class_list":["post-124","page","type-page","status-publish","hentry"],"_links":{"self":[{"href":"https:\/\/ambbeirut.esteri.it\/it\/wp-json\/wp\/v2\/pages\/124","targetHints":{"allow":["GET"]}}],"collection":[{"href":"https:\/\/ambbeirut.esteri.it\/it\/wp-json\/wp\/v2\/pages"}],"about":[{"href":"https:\/\/ambbeirut.esteri.it\/it\/wp-json\/wp\/v2\/types\/page"}],"author":[{"embeddable":true,"href":"https:\/\/ambbeirut.esteri.it\/it\/wp-json\/wp\/v2\/users\/1"}],"replies":[{"embeddable":true,"href":"https:\/\/ambbeirut.esteri.it\/it\/wp-json\/wp\/v2\/comments?post=124"}],"version-history":[{"count":6,"href":"https:\/\/ambbeirut.esteri.it\/it\/wp-json\/wp\/v2\/pages\/124\/revisions"}],"predecessor-version":[{"id":3765,"href":"https:\/\/ambbeirut.esteri.it\/it\/wp-json\/wp\/v2\/pages\/124\/revisions\/3765"}],"up":[{"embeddable":true,"href":"https:\/\/ambbeirut.esteri.it\/it\/wp-json\/wp\/v2\/pages\/13"}],"wp:attachment":[{"href":"https:\/\/ambbeirut.esteri.it\/it\/wp-json\/wp\/v2\/media?parent=124"}],"curies":[{"name":"wp","href":"https:\/\/api.w.org\/{rel}","templated":true}]}}