{"id":15,"date":"2024-12-27T17:08:57","date_gmt":"2024-12-27T16:08:57","guid":{"rendered":"https:\/\/ambasciatapraga.esteri.it\/?page_id=15"},"modified":"2025-05-19T17:14:19","modified_gmt":"2025-05-19T15:14:19","slug":"servizi-consolari-e-visti","status":"publish","type":"page","link":"https:\/\/ambbeirut.esteri.it\/it\/servizi-consolari-e-visti\/","title":{"rendered":"Servizi Consolari e Visti"},"content":{"rendered":"<p class=\"s3\" style=\"text-align: justify;\"><span class=\"s2\"><b>Servizi Consolari e Visti<\/b><\/span><\/p>\n<p class=\"s5\" style=\"text-align: justify;\"><span class=\"s4\"><b>Informazioni e servizi<\/b><\/span><\/p>\n<p class=\"s8\" style=\"text-align: justify;\"><span class=\"s6\">L\u2019accesso del pubblico in Ambasciata \u00e8 possibile\u00a0<\/span><span class=\"s7\"><b>solo su appuntamento<\/b><\/span><span class=\"s6\">. Il numero giornaliero di appuntamenti \u00e8 limitato: si raccomanda di\u00a0attivarsi con\u00a0largo anticipo\u00a0per\u00a0fissare il proprio.<\/span><\/p>\n<p class=\"s9\" style=\"text-align: justify;\"><span class=\"s6\">L\u2019Ambasciata\u00a0<\/span><span class=\"s7\"><b>non dispone di parcheggio\u00a0e non \u00e8 possibile accedere in auto<\/b><\/span><span class=\"s6\">. I parcheggi pi\u00f9 vicini distano alcune centinaia di metri e sono situati prima del check-point militare.<\/span><\/p>\n<p>&nbsp;<\/p>\n<p class=\"s5\" style=\"text-align: justify;\"><span class=\"s4\"><b>Appuntamenti<\/b><\/span><\/p>\n<p class=\"s9\" style=\"text-align: justify;\"><span class=\"s6\">La cancelleria consolare riceve esclusivamente su appuntamento.<\/span><\/p>\n<p class=\"s9\" style=\"text-align: justify;\"><span class=\"s6\">Per <b>l\u2019<\/b><\/span><span class=\"s7\"><b>Ufficio Consolare<\/b>, <\/span><span class=\"s6\">\u00e8 <\/span><span class=\"s6\">possibile prenotare un appuntamento sulla piattaforma online \u201c<\/span><span class=\"s6\">Prenot@mi<\/span><span class=\"s6\">\u201d:<\/span> <a href=\"https:\/\/prenotami.esteri.it\/\"><span class=\"s10\">https:\/\/prenotami.esteri.it\/<\/span><\/a><span class=\"s6\"> \u00a0<\/span><\/p>\n<p class=\"s9\" style=\"text-align: justify;\"><span class=\"s6\">Apertura degli Uffici:<\/span><\/p>\n<p class=\"s8\" style=\"text-align: justify;\"><span class=\"s6\">luned\u00ec, marted\u00ec, gioved\u00ec e venerd\u00ec dalle 9.00 alle 13.<\/span><\/p>\n<p class=\"s8\" style=\"text-align: justify;\"><span class=\"s6\">Mercoled\u00ec: dalle 14 alle 16.<\/span><\/p>\n<p class=\"s9\" style=\"text-align: justify;\"><span class=\"s6\">Per presentare\u00a0<\/span><span class=\"s7\"><b>domanda di visto<\/b><\/span><span class=\"s6\">, si prega di prenotare dal sito web della\u00a0societ\u00e0 TLScontact\u00a0<\/span><a href=\"https:\/\/it.tlscontact.com\/lb\/BEY\/index.php\"><span class=\"s11\">https:\/\/it.tlscontact.com\/lb\/BEY\/index.php<\/span><\/a><\/p>\n<p style=\"text-align: justify;\"><a href=\"https:\/\/ambbeirut.esteri.it\/wp-content\/uploads\/2025\/05\/Informativa-sulla-protezione-delle-persone-fisiche-con-riguardo-al-trattamento-dei-dati-personali-ai-fini-dellerogazione-dei-servizi-consolari.pdf\"><strong>Informativa sulla protezione delle persone fisiche con riguardo al trattamento dei dati personali ai fini dell\u2019erogazione dei servizi consolari<\/strong><\/a><\/p>\n","protected":false},"excerpt":{"rendered":"Servizi Consolari e Visti Informazioni e servizi L\u2019accesso del pubblico in Ambasciata \u00e8 possibile\u00a0solo su appuntamento. Il numero giornaliero di appuntamenti \u00e8 limitato: si raccomanda di\u00a0attivarsi con\u00a0largo anticipo\u00a0per\u00a0fissare il proprio. L\u2019Ambasciata\u00a0non dispone di parcheggio\u00a0e non \u00e8 possibile accedere in auto. I parcheggi pi\u00f9 vicini distano alcune centinaia di metri e sono situati prima del check-point [&hellip;]","protected":false},"author":1,"featured_media":0,"parent":0,"menu_order":6,"comment_status":"closed","ping_status":"closed","template":"","meta":{"footnotes":""},"class_list":["post-15","page","type-page","status-publish","hentry"],"_links":{"self":[{"href":"https:\/\/ambbeirut.esteri.it\/it\/wp-json\/wp\/v2\/pages\/15","targetHints":{"allow":["GET"]}}],"collection":[{"href":"https:\/\/ambbeirut.esteri.it\/it\/wp-json\/wp\/v2\/pages"}],"about":[{"href":"https:\/\/ambbeirut.esteri.it\/it\/wp-json\/wp\/v2\/types\/page"}],"author":[{"embeddable":true,"href":"https:\/\/ambbeirut.esteri.it\/it\/wp-json\/wp\/v2\/users\/1"}],"replies":[{"embeddable":true,"href":"https:\/\/ambbeirut.esteri.it\/it\/wp-json\/wp\/v2\/comments?post=15"}],"version-history":[{"count":6,"href":"https:\/\/ambbeirut.esteri.it\/it\/wp-json\/wp\/v2\/pages\/15\/revisions"}],"predecessor-version":[{"id":4209,"href":"https:\/\/ambbeirut.esteri.it\/it\/wp-json\/wp\/v2\/pages\/15\/revisions\/4209"}],"wp:attachment":[{"href":"https:\/\/ambbeirut.esteri.it\/it\/wp-json\/wp\/v2\/media?parent=15"}],"curies":[{"name":"wp","href":"https:\/\/api.w.org\/{rel}","templated":true}]}}