{"id":2122,"date":"2024-01-09T08:31:55","date_gmt":"2024-01-09T07:31:55","guid":{"rendered":"https:\/\/ambbeirut.esteri.it\/?page_id=2122"},"modified":"2025-06-03T12:54:24","modified_gmt":"2025-06-03T10:54:24","slug":"festivita-2024","status":"publish","type":"page","link":"https:\/\/ambbeirut.esteri.it\/it\/chi-siamo\/la-sede\/festivita-2024\/","title":{"rendered":"Festivit\u00e0 2025"},"content":{"rendered":"<p>Durante l&#8217;anno 2025 l&#8217;Ambasciata osserver\u00e0 il seguente calendario di festivit\u00e0:<\/p>\n<p>&nbsp;<\/p>\n<p>1 Gennaio 2025\u00a0 (Capodanno)<\/p>\n<p>31 Marzo (El Fitr)<\/p>\n<p>21 Aprile (Luned\u00ec dell\u2019Angelo)<\/p>\n<p>25 Aprile (Festa della Liberazione)<\/p>\n<p>1 Maggio (Festa del Lavoro)<\/p>\n<p>2 Giugno (Festa Nazionale della Repubblica)<\/p>\n<p>6 Giugno (El Adha)<\/p>\n<p>1 Novembre (Festa dei Santi)<\/p>\n<p>22 Novembre (Festa dell&#8217;Indipendenza Libanese)<\/p>\n<p>25 Dicembre (Natale)<\/p>\n<p>26 Dicembre (Santo Stefano)<\/p>\n<p>&nbsp;<\/p>\n<p>&nbsp;<\/p>\n","protected":false},"excerpt":{"rendered":"Durante l&#8217;anno 2025 l&#8217;Ambasciata osserver\u00e0 il seguente calendario di festivit\u00e0: &nbsp; 1 Gennaio 2025\u00a0 (Capodanno) 31 Marzo (El Fitr) 21 Aprile (Luned\u00ec dell\u2019Angelo) 25 Aprile (Festa della Liberazione) 1 Maggio (Festa del Lavoro) 2 Giugno (Festa Nazionale della Repubblica) 6 Giugno (El Adha) 1 Novembre (Festa dei Santi) 22 Novembre (Festa dell&#8217;Indipendenza Libanese) 25 Dicembre [&hellip;]","protected":false},"author":5,"featured_media":0,"parent":39,"menu_order":0,"comment_status":"closed","ping_status":"closed","template":"","meta":{"footnotes":""},"class_list":["post-2122","page","type-page","status-publish","hentry"],"_links":{"self":[{"href":"https:\/\/ambbeirut.esteri.it\/it\/wp-json\/wp\/v2\/pages\/2122","targetHints":{"allow":["GET"]}}],"collection":[{"href":"https:\/\/ambbeirut.esteri.it\/it\/wp-json\/wp\/v2\/pages"}],"about":[{"href":"https:\/\/ambbeirut.esteri.it\/it\/wp-json\/wp\/v2\/types\/page"}],"author":[{"embeddable":true,"href":"https:\/\/ambbeirut.esteri.it\/it\/wp-json\/wp\/v2\/users\/5"}],"replies":[{"embeddable":true,"href":"https:\/\/ambbeirut.esteri.it\/it\/wp-json\/wp\/v2\/comments?post=2122"}],"version-history":[{"count":5,"href":"https:\/\/ambbeirut.esteri.it\/it\/wp-json\/wp\/v2\/pages\/2122\/revisions"}],"predecessor-version":[{"id":4365,"href":"https:\/\/ambbeirut.esteri.it\/it\/wp-json\/wp\/v2\/pages\/2122\/revisions\/4365"}],"up":[{"embeddable":true,"href":"https:\/\/ambbeirut.esteri.it\/it\/wp-json\/wp\/v2\/pages\/39"}],"wp:attachment":[{"href":"https:\/\/ambbeirut.esteri.it\/it\/wp-json\/wp\/v2\/media?parent=2122"}],"curies":[{"name":"wp","href":"https:\/\/api.w.org\/{rel}","templated":true}]}}