{"id":288,"date":"2023-11-15T13:24:40","date_gmt":"2023-11-15T12:24:40","guid":{"rendered":"https:\/\/ambbeirut.esteri.it\/?page_id=288"},"modified":"2025-02-07T15:44:33","modified_gmt":"2025-02-07T14:44:33","slug":"matrimonio","status":"publish","type":"page","link":"https:\/\/ambbeirut.esteri.it\/it\/servizi-consolari-e-visti\/servizi-per-il-cittadino-italiano\/stato-civile\/matrimonio\/","title":{"rendered":"Matrimonio"},"content":{"rendered":"<p>Ecco alcune informazioni importanti che vi suggeriamo di leggere attentamente. Si distingue tra\u00a0matrimonio consolare\u00a0(celebrato di fronte all\u2019autorit\u00e0 consolare italiana in Libano),\u00a0matrimonio in Italia\u00a0da parte di cittadini residenti in Libano e, infine,\u00a0matrimonio in Libano, ossia di fronte alle autorit\u00e0 locali.<\/p>\n<p>&nbsp;<\/p>\n<p><strong>A<\/strong>) <strong>Se desiderate sposarvi presso l\u2019Ambasciata d\u2019Italia in Libano<\/strong> (caso previsto dall\u2019art. 12 del D. Lgs. 71\/2011)<\/p>\n<p><strong>L\u2019istanza di celebrazione di matrimonio consolare<\/strong><\/p>\n<p>Se desiderate sposarvi presso l\u2019Ambasciata d\u2019Italia in Libano dovete presentare\u00a0una\u00a0<strong>istanza di celebrazione di matrimonio consolare (<a href=\"https:\/\/ambbeirut.esteri.it\/wp-content\/uploads\/2025\/02\/1-RICHIESTA-PUBBLICAZIONE.docx\" target=\"_blank\" rel=\"noopener\">Formulario<\/a>)<\/strong>. \u00c8 un documento che dovete sottoscrivere entrambi\u00a0e presentare di persona all\u2019Ufficio consolare\u00a0muniti di un documento di identit\u00e0 valido (art. 51, comma 1, del DPR 396\/2000) oppure inviare per posta, fax o e-mail con allegata la fotocopia dei vostri documenti di identit\u00e0.<\/p>\n<p>Se non potete presentarvi di persona a richiedere le pubblicazioni, potete incaricare una terza persona utilizzando una procura speciale redatta su carta semplice e munita della copia dei vostri documenti di identit\u00e0 in corso di validit\u00e0.<\/p>\n<p>Ci sono alcuni casi in cui la vostra istanza potrebbe essere rifiutata (art. 12\u00a0D. Lgs. 71\/2011 \u2013\u00a0\u201c<em>Il capo dell\u2019ufficio consolare celebra il matrimonio fra cittadini o fra un cittadino e un non cittadino. La celebrazione del matrimonio pu\u00f2 essere rifiutata quando vi si oppongono le leggi locali o quando le parti non risiedono nella circoscrizione<\/em>\u201c).<\/p>\n<p><strong><u>Non \u00e8 possibile celebrare in Ambasciata il matrimonio tra una persona di nazionalit\u00e0 italiana e una di nazionalit\u00e0 libanese<\/u><\/strong>. La legge libanese infatti riconosce soltanto il matrimonio religioso e non consente quindi ai cittadini libanesi di contrarre in Libano un matrimonio civile secondo un diritto straniero (italiano in questo caso). Il matrimonio consolare \u00e8 invece consentito nel caso in cui uno dei due nubendi sia cittadino di un Paese Membro dell\u2019Unione Europea o comunque di un altro Paese.<\/p>\n<p>Se l\u2019Ufficio Consolare accoglie l\u2019istanza, perch\u00e9\u00a0sono soddisfatti\u00a0i requisiti richiesti dalla normativa, si pu\u00f2 procedere alla richiesta delle pubblicazioni.<\/p>\n<p><strong>Le pubblicazioni<\/strong><\/p>\n<p>In Italia la celebrazione del matrimonio deve essere preceduta dalle pubblicazioni eseguite a cura di un ufficiale dello stato civile.\u00a0Le pubblicazioni restano affisse all\u2019albo consolare per almeno 8 giorni.\u00a0Potete\u00a0sposarvi\u00a0trascorsi i 3 giorni successivi alla compiuta\u00a0pubblicazione\u00a0ed entro i\u00a0successivi\u00a0180 giorni.<\/p>\n<p>Se non potete presentarvi di persona a richiedere le pubblicazioni, potete incaricare una terza persona utilizzando una procura speciale redatta su carta semplice e munita della copia dei vostri documenti di identit\u00e0 in corso di validit\u00e0. Se non siete cittadini dell\u2019Unione Europea e non siete residenti in Italia, la vostra firma dovr\u00e0 essere autenticata.<\/p>\n<ul>\n<li>Se siete entrambi\u00a0<strong>cittadini italiani residenti all\u2019estero<\/strong>, dovete richiedere le pubblicazioni di matrimonio alla Rappresentanza diplomatica o consolare\u00a0dove sar\u00e0 celebrato il matrimonio consolare.\u00a0Se risiedete in due circoscrizioni consolari diverse, le pubblicazioni vanno effettuate presso entrambe le Rappresentanze diplomatiche o consolari.<\/li>\n<li>Se uno di voi (<strong>italiano o straniero<\/strong>) ha la residenza in Italia mentre l\u2019altro (<strong>cittadino italiano<\/strong>) ha la residenza\u00a0<strong>all\u2019estero<\/strong>, dovete richiedere le pubblicazioni di matrimonio alla Rappresentanza diplomatica o consolare\u00a0dove sar\u00e0 celebrato il matrimonio consolare, che a sua volta\u00a0ne chieder\u00e0 l\u2019esecuzione\u00a0al Comune di residenza in Italia. Le pubblicazioni verranno pertanto effettuate in entrambi i luoghi di residenza\u00a0dei futuri sposi.<\/li>\n<li>Se il\u00a0<strong>nubendo italiano<\/strong>\u00a0ha la residenza in Italia mentre l\u2019altro\u00a0<strong>cittadino straniero<\/strong>\u00a0ha la\u00a0<strong>residenza\u00a0all\u2019estero<\/strong>,\u00a0avete due possibilit\u00e0: richiedere le\u00a0pubblicazioni\u00a0alla Rappresentanza\u00a0diplomatica o consolare oppure al Comune italiano di residenza,\u00a0che provveder\u00e0 al rilascio di delega alla Rappresentanza diplomatica o consolare per la\u00a0celebrazione\u00a0del matrimonio ai\u00a0sensi dell\u2019art. 109 del c.c.<\/li>\n<li>Se siete\u00a0<strong>entrambi residenti in Italia<\/strong>, dovete richiedere le pubblicazioni di matrimonio al nel vostro Comune di residenza. Se risiedete in due Comuni diversi le pubblicazioni verranno effettuate in entrambi i Comuni. Il Comune rilascer\u00e0 alla Rappresentanza diplomatica o consolare la delega per la celebrazione del matrimonio ai sensi dell\u2019art. 109 del c.c.<\/li>\n<\/ul>\n<p>&nbsp;<\/p>\n<p><strong>B) Se desiderate sposarvi in Italia<\/strong><\/p>\n<p><strong><u>Se siete\u00a0italiani residenti all\u2019estero<\/u><\/strong><strong>\u00a0<\/strong>e desiderate sposarvi in Italia dovete richiedere le pubblicazioni di matrimonio alla Rappresentanza diplomatica o consolare italiana dove risultate iscritti. La Rappresentanza consolare, una volta eseguite le pubblicazioni, delega alla celebrazione il Comune italiano che avrete indicato (ai sensi dell\u2019art. 109 del c.c.).<\/p>\n<p><strong><u>Se non siete cittadini italiani<\/u><\/strong> e desiderate sposarvi in Italia dovete presentare obbligatoriamente anche\u00a0il \u201cnulla osta al matrimonio\u201d\u00a0(ai sensi dell\u2019art.\u00a0116 del\u00a0c.c.)\u00a0rilasciato dalle competenti autorit\u00e0 del Paese di cui siete cittadini,\u00a0debitamente legalizzato e tradotto in italiano\u00a0oppure\u00a0il \u201ccertificato di capacit\u00e0 matrimoniale\u201d se siete cittadini di uno dei Paesi che hanno ratificato la Convenzione di Monaco del 5 settembre 1980.<\/p>\n<p>Gli Stati che hanno firmato e ratificato tale Convenzione e che rilasciano il \u201ccertificato di capacit\u00e0 matrimoniale\u201d sono i seguenti: Austria, Germania, Grecia,\u00a0Lussemburgo, Moldavia, Paesi Bassi, Portogallo, Spagna, Svizzera, Turchia. Si segnala che la predetta Convenzione non pu\u00f2 essere attualmente applicata per il Belgio che, sebbene Paese firmatario, non ha ancora provveduto alla\u00a0ratifica. I certificati rilasciati in base a tale Convenzione sono esenti dalla legalizzazione o da qualsiasi formalit\u00e0 equivalente nel territorio di ciascuno Stato parte.<\/p>\n<p>Per gli altri Stati non aderenti alla Convenzione di Monaco del 1980 non si parla di \u201ccertificato di capacit\u00e0 matrimoniale\u201d ma di \u201cnulla-osta al matrimonio\u201d.<\/p>\n<p>Se siete cittadini di uno Stato non appartenente all\u2019Unione Europea e non siete residenti in Italia, oltre al nulla osta, dovete presentare anche la restante documentazione comprovante i requisiti richiesti dall\u2019art. 51\u00a0del DPR 396\/2000, trattandosi di atti formati all\u2019estero non registrati in Italia o presso un\u2019autorit\u00e0 consolare italiana.<\/p>\n<p>Parimenti i nubendi, nelle ipotesi previste dall\u2019art. 52 del DPR 396\/2000, possono presentare copia del provvedimento di autorizzazione al matrimonio concessa dal tribunale in presenza di un impedimento al momento della richiesta delle pubblicazioni oppure inviarlo successivamente per posta ordinaria.<\/p>\n<p>&nbsp;<\/p>\n<p><strong>C)\u00a0Se siete italiani e desiderate sposarvi in Libano<\/strong><\/p>\n<p>I cittadini italiani che desiderano contrarre un matrimonio religioso in Libano devono rivolgersi alla comunit\u00e0 religiosa presso la quale desiderano celebrare il matrimonio per richiedere la documentazione necessaria alla celebrazione del rito nunziale.<\/p>\n<p>Nel caso di richiesta del \u201ccertificato di capacit\u00e0 matrimoniale\u201d, se residenti in Italia vi sar\u00e0 rilasciato dal vostro Comune di residenza in Italia, o, se residenti all\u2019estero, dalla Rappresentanza diplomatico-consolare competente per residenza.<\/p>\n<p>La Rappresentanza diplomatico-consolare potr\u00e0 rilasciare il documento richiesto solo sulla base del positivo esito degli accertamenti, acquisiti d\u2019ufficio i documenti previsti dalla legge e quelli ritenuti necessari per provare l\u2019inesistenza di impedimenti.<\/p>\n<p>&nbsp;<\/p>\n<p><strong>La trascrizione dell\u2019atto di matrimonio<\/strong><\/p>\n<p>Il matrimonio celebrato all\u2019estero per avere valore in Italia deve essere trascritto presso il Comune italiano competente.<\/p>\n<p>L\u2019atto di matrimonio in originale emesso dall\u2019Ufficio dello Stato Civile libanese, debitamente <a href=\"https:\/\/ambbeirut.esteri.it\/it\/servizi-consolari-e-visti\/servizi-per-il-cittadino-straniero\/traduzione-e-legalizzazione-dei-documenti\/\">legalizzato e tradotto<\/a> dovr\u00e0 essere rimesso, a cura degli interessati, a questa Cancelleria consolare che ne curer\u00e0 la trasmissione in Italia ai fini della trascrizione nei registri di stato civile del Comune competente, previo appuntamento prenotato sulla <a href=\"https:\/\/prenotami.esteri.it\/\">piattaforma online Prenot@mi<\/a> .<\/p>\n<p>L\u2019atto di matrimonio (in originale) non verr\u00e0 restituito.<\/p>\n<p>In alternativa potrete\u00a0presentare l\u2019atto, debitamente legalizzato e tradotto, direttamente al Comune italiano di appartenenza (ai sensi dell\u2019art. 12, comma 11, del DPR 396\/2000).<\/p>\n<p>&nbsp;<\/p>\n","protected":false},"excerpt":{"rendered":"Ecco alcune informazioni importanti che vi suggeriamo di leggere attentamente. Si distingue tra\u00a0matrimonio consolare\u00a0(celebrato di fronte all\u2019autorit\u00e0 consolare italiana in Libano),\u00a0matrimonio in Italia\u00a0da parte di cittadini residenti in Libano e, infine,\u00a0matrimonio in Libano, ossia di fronte alle autorit\u00e0 locali. &nbsp; A) Se desiderate sposarvi presso l\u2019Ambasciata d\u2019Italia in Libano (caso previsto dall\u2019art. 12 del D. [&hellip;]","protected":false},"author":5,"featured_media":0,"parent":68,"menu_order":1,"comment_status":"closed","ping_status":"closed","template":"","meta":{"footnotes":""},"class_list":["post-288","page","type-page","status-publish","hentry"],"_links":{"self":[{"href":"https:\/\/ambbeirut.esteri.it\/it\/wp-json\/wp\/v2\/pages\/288","targetHints":{"allow":["GET"]}}],"collection":[{"href":"https:\/\/ambbeirut.esteri.it\/it\/wp-json\/wp\/v2\/pages"}],"about":[{"href":"https:\/\/ambbeirut.esteri.it\/it\/wp-json\/wp\/v2\/types\/page"}],"author":[{"embeddable":true,"href":"https:\/\/ambbeirut.esteri.it\/it\/wp-json\/wp\/v2\/users\/5"}],"replies":[{"embeddable":true,"href":"https:\/\/ambbeirut.esteri.it\/it\/wp-json\/wp\/v2\/comments?post=288"}],"version-history":[{"count":4,"href":"https:\/\/ambbeirut.esteri.it\/it\/wp-json\/wp\/v2\/pages\/288\/revisions"}],"predecessor-version":[{"id":3826,"href":"https:\/\/ambbeirut.esteri.it\/it\/wp-json\/wp\/v2\/pages\/288\/revisions\/3826"}],"up":[{"embeddable":true,"href":"https:\/\/ambbeirut.esteri.it\/it\/wp-json\/wp\/v2\/pages\/68"}],"wp:attachment":[{"href":"https:\/\/ambbeirut.esteri.it\/it\/wp-json\/wp\/v2\/media?parent=288"}],"curies":[{"name":"wp","href":"https:\/\/api.w.org\/{rel}","templated":true}]}}