{"id":319,"date":"2023-11-15T13:34:26","date_gmt":"2023-11-15T12:34:26","guid":{"rendered":"https:\/\/ambbeirut.esteri.it\/?page_id=319"},"modified":"2025-04-02T14:52:24","modified_gmt":"2025-04-02T12:52:24","slug":"autocertificazione","status":"publish","type":"page","link":"https:\/\/ambbeirut.esteri.it\/it\/servizi-consolari-e-visti\/servizi-per-il-cittadino-italiano\/autocertificazione\/","title":{"rendered":"Autocertificazione"},"content":{"rendered":"<p>L\u2019autocertificazione, o dichiarazione sostitutiva di certificazione, \u00e8 una dichiarazione che l&#8217;interessato redige e sottoscrive nel proprio interesse su stati, fatti e qualit\u00e0 personali e che utilizza nei rapporti con la Pubblica Amministrazione e con i gestori di pubblici servizi.<br \/>\nDal\u00a0<strong>1\u00b0 gennaio 2012 le Amministrazioni Pubbliche non possono pi\u00f9 chiedere o accettare i certificati, che devono essere sempre sostituiti da autocertificazioni<\/strong>. I certificati continuano invece ad avere validit\u00e0 nel rapporto tra privati, che non sono obbligati ad accettare le autocertificazioni.<\/p>\n<p>Possono utilizzare l\u2019autocertificazione:<\/p>\n<ul>\n<li>tutti i cittadini italiani;<\/li>\n<li>tutti i cittadini di Paesi dell\u2019Unione Europea;<\/li>\n<li>i cittadini di Paesi non membri dell\u2019Unione Europea regolarmente soggiornanti in Italia, solo per quanto riguarda i dati verificabili o certificabili in Italia da soggetti pubblici.<\/li>\n<\/ul>\n<p>Per un elenco dei dati che possono essere comprovati con autocertificazione e altri approfondimenti:<br \/>\n<a href=\"https:\/\/www.esteri.it\/mae\/it\/servizi\/italiani\/autocertificazione.html\">https:\/\/www.esteri.it\/mae\/it\/servizi\/italiani\/autocertificazione.html<\/a><\/p>\n<h5><\/h5>\n<h5>Modalit\u00e0 della dichiarazione sostitutiva di certificati:<\/h5>\n<p>La dichiarazione sostitutiva delle normali certificazioni si pu\u00f2 fare scrivendo su carta semplice e firmando sotto la propria ed esclusiva responsabilit\u00e0 (non \u00e8 necessario firmare davanti all\u2019impiegato della Cancelleria Consolare).<br \/>\nLe dichiarazioni sostitutive di cui agli artt. 46 e 47 del D.P.R. n. 445\/2000 possono essere sottoscritte in presenza del dipendente della Cancelleria Consolare addetto oppure possono essere presentate o inviate gi\u00e0 sottoscritte, con allegata una copia (non autenticata) di un documento d\u2019identit\u00e0 del sottoscrittore.<\/p>\n<h5><\/h5>\n<h5>La possibilit\u00e0 di avvalersi dell\u2019autocertificazione\u00a0non \u00e8 mai ammessa\u00a0per i certificati:<\/h5>\n<ul>\n<li>medici;<\/li>\n<li>sanitari;<\/li>\n<li>veterinari;<\/li>\n<li>di origine;<\/li>\n<li>di conformit\u00e0 CE;<\/li>\n<li>marchi o brevetti.<\/li>\n<\/ul>\n<p>&nbsp;<\/p>\n<div>\n<p><strong>ATTENZIONE!<\/strong><br \/>\nNel caso in cui le amministrazioni abbiano dubbi sulla veridicit\u00e0 delle autocertificazioni, sono tenute a effettuare i controlli necessari. Nel caso vengano riscontrate dichiarazioni mendaci, la falsit\u00e0 negli atti e l\u2019uso di atti falsi sono puniti ai sensi del codice penale e delle leggi speciali in materia (art. 76 D.P.R. 445\/2000). Il dichiarante inoltre decade dai benefici eventualmente conseguiti grazie a provvedimenti basati su dichiarazioni non veritiere.<\/p>\n<\/div>\n","protected":false},"excerpt":{"rendered":"L\u2019autocertificazione, o dichiarazione sostitutiva di certificazione, \u00e8 una dichiarazione che l&#8217;interessato redige e sottoscrive nel proprio interesse su stati, fatti e qualit\u00e0 personali e che utilizza nei rapporti con la Pubblica Amministrazione e con i gestori di pubblici servizi. Dal\u00a01\u00b0 gennaio 2012 le Amministrazioni Pubbliche non possono pi\u00f9 chiedere o accettare i certificati, che devono [&hellip;]","protected":false},"author":5,"featured_media":0,"parent":47,"menu_order":1,"comment_status":"closed","ping_status":"closed","template":"","meta":{"footnotes":""},"class_list":["post-319","page","type-page","status-publish","hentry"],"_links":{"self":[{"href":"https:\/\/ambbeirut.esteri.it\/it\/wp-json\/wp\/v2\/pages\/319","targetHints":{"allow":["GET"]}}],"collection":[{"href":"https:\/\/ambbeirut.esteri.it\/it\/wp-json\/wp\/v2\/pages"}],"about":[{"href":"https:\/\/ambbeirut.esteri.it\/it\/wp-json\/wp\/v2\/types\/page"}],"author":[{"embeddable":true,"href":"https:\/\/ambbeirut.esteri.it\/it\/wp-json\/wp\/v2\/users\/5"}],"replies":[{"embeddable":true,"href":"https:\/\/ambbeirut.esteri.it\/it\/wp-json\/wp\/v2\/comments?post=319"}],"version-history":[{"count":1,"href":"https:\/\/ambbeirut.esteri.it\/it\/wp-json\/wp\/v2\/pages\/319\/revisions"}],"predecessor-version":[{"id":322,"href":"https:\/\/ambbeirut.esteri.it\/it\/wp-json\/wp\/v2\/pages\/319\/revisions\/322"}],"up":[{"embeddable":true,"href":"https:\/\/ambbeirut.esteri.it\/it\/wp-json\/wp\/v2\/pages\/47"}],"wp:attachment":[{"href":"https:\/\/ambbeirut.esteri.it\/it\/wp-json\/wp\/v2\/media?parent=319"}],"curies":[{"name":"wp","href":"https:\/\/api.w.org\/{rel}","templated":true}]}}