{"id":338,"date":"2023-11-15T13:40:32","date_gmt":"2023-11-15T12:40:32","guid":{"rendered":"https:\/\/ambbeirut.esteri.it\/?page_id=338"},"modified":"2025-04-02T14:52:34","modified_gmt":"2025-04-02T12:52:34","slug":"minori","status":"publish","type":"page","link":"https:\/\/ambbeirut.esteri.it\/it\/servizi-consolari-e-visti\/servizi-per-il-cittadino-italiano\/minori\/","title":{"rendered":"Minori"},"content":{"rendered":"<p class=\"s5\" style=\"text-align: justify;\"><span class=\"s4\"><b><u>Passaporto per minori<\/u><\/b><\/span><\/p>\n<p class=\"s7\" style=\"text-align: justify;\"><span class=\"s6\">I minori possono viaggiare solo se muniti di un proprio passaporto, distinto da quello dei genitori.<\/span><\/p>\n<p class=\"s7\" style=\"text-align: justify;\"><span class=\"s6\">Per il rilascio di passaporti a minorenni\u00a0<\/span><b><span class=\"s8\">\u00e8 sempre necessario il consenso di entrambi i genitori<\/span><span class=\"s6\">.<\/span><\/b><\/p>\n<p class=\"s7\" style=\"text-align: justify;\"><span class=\"s6\">Inoltre, \u00e8 indispensabile che, al momento della richiesta di passaporto, l\u2019atto di nascita del minore<\/span><span class=\"s6\">, se nato all\u2019estero, <\/span><span class=\"s6\">sia gi\u00e0 stato trascritto presso il Comune di residenza o AIRE del genitore.<\/span><\/p>\n<p class=\"s7\" style=\"text-align: justify;\"><span class=\"s6\">In caso contrario, prima di presentare la domanda di passaporto per il minore i genitori devono richiedere all\u2019Ufficio Consolare la trasmissione dell\u2019atto di nascita al Comune di residenza in Italia (<\/span><a href=\"https:\/\/ambbeirut.esteri.it\/it\/servizi-consolari-e-visti\/servizi-per-il-cittadino-italiano\/stato-civile\/nascita\/\"><span class=\"s9\">nascita<\/span><\/a><span class=\"s6\">). <\/span><\/p>\n<p class=\"s7\" style=\"text-align: justify;\"><span class=\"s10\">L\u2019appuntamento per il rilascio del passaporto pu\u00f2 essere prenotato tramite la\u00a0<\/span><a href=\"https:\/\/prenotami.esteri.it\/\"><span class=\"s11\">piattaforma online prenot@mi<\/span><\/a><span class=\"s10\">.<\/span><\/p>\n<p>&nbsp;<\/p>\n<p class=\"s5\" style=\"text-align: justify;\"><span class=\"s14\"><b>Passaporto per minori (su richiesta del genitore o di chi esercita la potest\u00e0 genitoriale):<\/b><\/span><\/p>\n<p class=\"s7\" style=\"text-align: justify;\"><span class=\"s6\">Documentazione richiesta:<\/span><\/p>\n<ul>\n<li class=\"s18\" style=\"text-align: justify;\"><a href=\"https:\/\/ambbeirut.esteri.it\/wp-content\/uploads\/2025\/01\/BEIRUT-modulo_passaporto_minorenni-english-2.pdf\"><span class=\"s6\">formulario di richiesta <\/span><\/a><span class=\"s17\">firmato da entrambi i genitori<\/span><span class=\"s17\">;<\/span><\/li>\n<li class=\"s18\" style=\"text-align: justify;\"><span class=\"s17\">qualora i genitori sono impossibilitati a firmare congiuntamente il formulario di cui sopra, <\/span><a href=\"https:\/\/ambbeirut.esteri.it\/wp-content\/uploads\/2025\/01\/atto-di-assenso-per-minori-genitore-italiano.pdf\"><span class=\"s8\"><b>atto di assenso<\/b> <\/span><\/a><span class=\"s6\">scritto dell\u2019altro genitore (<\/span><span class=\"s6\">aggiungere <\/span><span class=\"s16\">link formulario atto di assenso<\/span><span class=\"s6\">)<\/span><span class=\"s6\"> unitamente a un suo documento con firma e foto (anche in fotocopia). L\u2019 atto di assenso \u00e8 necessario anche se i genitori non sono sposati o se sono separati o divorziati. Se uno dei genitori non ha la cittadinanza di uno dei paesi membri dell\u2019Unione Europea, il modulo di richiesta va firmato alla presenza del funzionario del Consolato, previa esibizione di un documento d\u2019identit\u00e0. Se uno dei genitori \u00e8 deceduto, occorre presentare una copia del certificato di morte. <\/span><span class=\"s8\"><b>La legge non consente deroghe all\u2019atto di assenso<\/b><\/span><span class=\"s6\">. Nel caso in cui non sia possibile ottenere l\u2019assenso da parte dell\u2019altro genitore<\/span><span class=\"s6\">,<\/span><span class=\"s6\"> previa istanza formale di una delle due parti<\/span><span class=\"s6\">, si potr\u00e0 <\/span><span class=\"s6\">richiedere al Capo della Cancelleria Consolare l\u2019emissione di un decreto consolare nelle vesti di Giudice tutelare.<\/span> <span class=\"s6\">Se il minore \u00e8 residente in Italia, \u00e8 competente il <\/span><span class=\"s6\">Tribunale dei Minori<\/span><span class=\"s6\"> del luogo di residenza, s<\/span><span class=\"s6\">e il minore \u00e8 residente in Libano, \u00e8 competente l\u2019Ambasciat<\/span><span class=\"s6\">a<\/span><span class=\"s6\"> d\u2019Italia <\/span><span class=\"s6\">in <\/span><span class=\"s6\">Libano.<\/span><\/li>\n<li class=\"s18\" style=\"text-align: justify;\"><span class=\"s6\">passaporto precedente o, se si tratta di primo passaporto, un documento d\u2019identit\u00e0 italiano (carta di identit\u00e0) o straniero (passaporto), munito di foto e firma. Se il passaporto \u00e8 stato smarrito\/rubato \u00e8 necessario presentare una copia della denuncia presso le competenti Autorit\u00e0 libanesi nel luogo presunto di furto\/smarrimento del documento;<\/span><\/li>\n<li class=\"s18\" style=\"text-align: justify;\"><span class=\"s6\">due fotografie <\/span><span class=\"s6\">(2) conformi alle norme ICAO<\/span><span class=\"s6\">: <\/span><a href=\"https:\/\/www.poliziadistato.it\/statics\/10\/fotografia_passaporto_web.pdf\"><span class=\"s9\">https:\/\/www.poliziadistato.it\/statics\/10\/fotografia_passaporto_web.pdf<\/span><\/a><\/li>\n<\/ul>\n<p class=\"s5\" style=\"text-align: justify;\"><span class=\"s4\"><b><u>Dichiarazione di accompagnamento<\/u><\/b><\/span><\/p>\n<p class=\"s7\" style=\"text-align: justify;\"><span class=\"s6\">Il minore italiano fino a 14 anni pu\u00f2 viaggiare all\u2019estero solo se accompagnato da almeno uno dei genitori. Pu\u00f2 viaggiare accompagnato da persone diverse solo se autorizzato dai genitori stessi tramite una <a href=\"https:\/\/ambbeirut.esteri.it\/wp-content\/uploads\/2025\/01\/Dichiarazione_accompagnamento_-2.pdf\"><b>dichiarazione di accompagnamento<\/b><\/a><\/span><span class=\"s6\">, che deve essere vistata dalla Rappresentanza consolare (all\u2019estero) o dalla Questura (in Italia).<\/span><span class=\"s6\"><br \/>\n<\/span><span class=\"s6\">La dichiarazione di accompagnamento deve sempre indicare chiaramente il nome e i riferimenti della persona, dell\u2019ente o della compagnia di trasporto a cui il minore viene affidato per il viaggio.<\/span><span class=\"s6\"><br \/>\n<\/span><span class=\"s6\">I genitori devono sottoscrivere la dichiarazione di accompagnamento recandosi personalmente, muniti di un documento di identit\u00e0, presso la Cancelleria Consolare (Ufficio consolare) dell\u2019Ambasciata d\u2019Italia a Beirut.<\/span><\/p>\n<p class=\"s7\" style=\"text-align: justify;\"><span class=\"s6\">Alcuni aspetti importanti:<\/span><\/p>\n<ul>\n<li class=\"s18\" style=\"text-align: justify;\"><span class=\"s15\">l<\/span><span class=\"s6\">a dichiarazione di accompagnamento pu\u00f2 riguardare un solo viaggio (da intendersi come andata e\/o ritorno) dal Paese di residenza del minore con destinazione determinata e non pu\u00f2 eccedere, di norma, il termine massimo di sei mesi;<\/span><\/li>\n<li class=\"s18\" style=\"text-align: justify;\">gli esercenti la responsabilit\u00e0 genitoriale o tutoria possono indicare fino ad un massimo di due accompagnatori, che saranno tuttavia alternativi fra di loro;<\/li>\n<li class=\"s18\" style=\"text-align: justify;\"><span class=\"s6\">nel caso in cui il minore sia affidato ad un ente o ad una compagnia di trasporto<\/span><span class=\"s6\"> s<\/span><span class=\"s6\">i suggerisce, prima di acquistare il biglietto della compagnia di trasporto<\/span><span class=\"s6\">,<\/span><span class=\"s6\"> di verificare che la stessa accetti che il minore sia ad essa affidato.<\/span><\/li>\n<\/ul>\n<p class=\"s5\" style=\"text-align: justify;\"><span class=\"s22\">Documentazione richiesta:<\/span><\/p>\n<ul>\n<li class=\"s18\" style=\"text-align: justify;\"><span class=\"s6\">formulario di richiesta firmato da entrambi i genitori o da uno di essi con la richiesta dell\u2019altro rilasciata separatamente. Se uno dei genitori non ha la cittadinanza di uno dei paesi membri dell\u2019Unione Europea, il modulo di <\/span><span class=\"s6\">richiesta va firmato alla presenza del funzionario del Consolato, previa esibizione di un documento d\u2019identit\u00e0;<\/span><\/li>\n<li class=\"s18\" style=\"text-align: justify;\">i passaporti dei genitori o altro documento di identit\u00e0 con foto e firma;<\/li>\n<li class=\"s18\" style=\"text-align: justify;\"><span class=\"s6\">due fotografie <\/span><span class=\"s6\">(2) conformi alle norme ICAO<\/span><span class=\"s6\">: <\/span><a href=\"https:\/\/www.poliziadistato.it\/statics\/10\/fotografia_passaporto_web.pdf\"><span class=\"s9\">https:\/\/www.poliziadistato.it\/statics\/10\/fotografia_passaporto_web.pdf<\/span><\/a>;<\/li>\n<li class=\"s18\" style=\"text-align: justify;\">passaporto precedente del minore in originale o altro documento d\u2019identit\u00e0 se ne \u00e8 in possesso.<\/li>\n<\/ul>\n<p class=\"s7\" style=\"text-align: justify;\"><span class=\"s6\">Nel caso in cui non sia possibile ottenere l\u2019assenso da parte dell\u2019altro genitore sar\u00e0 necessario richiedere al Capo della Cancelleria Consolare l\u2019emissione di un decreto consolare nelle vesti di Giudice tutelare, previa istanza formale di una delle due parti.<\/span><\/p>\n<p class=\"s7\" style=\"text-align: justify;\"><span class=\"s6\">\u00a0<\/span><\/p>\n<p style=\"text-align: justify;\">\n","protected":false},"excerpt":{"rendered":"Passaporto per minori I minori possono viaggiare solo se muniti di un proprio passaporto, distinto da quello dei genitori. Per il rilascio di passaporti a minorenni\u00a0\u00e8 sempre necessario il consenso di entrambi i genitori. Inoltre, \u00e8 indispensabile che, al momento della richiesta di passaporto, l\u2019atto di nascita del minore, se nato all\u2019estero, sia gi\u00e0 stato [&hellip;]","protected":false},"author":5,"featured_media":0,"parent":47,"menu_order":1,"comment_status":"closed","ping_status":"closed","template":"","meta":{"footnotes":""},"class_list":["post-338","page","type-page","status-publish","hentry"],"_links":{"self":[{"href":"https:\/\/ambbeirut.esteri.it\/it\/wp-json\/wp\/v2\/pages\/338","targetHints":{"allow":["GET"]}}],"collection":[{"href":"https:\/\/ambbeirut.esteri.it\/it\/wp-json\/wp\/v2\/pages"}],"about":[{"href":"https:\/\/ambbeirut.esteri.it\/it\/wp-json\/wp\/v2\/types\/page"}],"author":[{"embeddable":true,"href":"https:\/\/ambbeirut.esteri.it\/it\/wp-json\/wp\/v2\/users\/5"}],"replies":[{"embeddable":true,"href":"https:\/\/ambbeirut.esteri.it\/it\/wp-json\/wp\/v2\/comments?post=338"}],"version-history":[{"count":6,"href":"https:\/\/ambbeirut.esteri.it\/it\/wp-json\/wp\/v2\/pages\/338\/revisions"}],"predecessor-version":[{"id":3667,"href":"https:\/\/ambbeirut.esteri.it\/it\/wp-json\/wp\/v2\/pages\/338\/revisions\/3667"}],"up":[{"embeddable":true,"href":"https:\/\/ambbeirut.esteri.it\/it\/wp-json\/wp\/v2\/pages\/47"}],"wp:attachment":[{"href":"https:\/\/ambbeirut.esteri.it\/it\/wp-json\/wp\/v2\/media?parent=338"}],"curies":[{"name":"wp","href":"https:\/\/api.w.org\/{rel}","templated":true}]}}