{"id":40,"date":"2023-04-11T18:01:19","date_gmt":"2023-04-11T16:01:19","guid":{"rendered":"https:\/\/ambasciatapraga.esteri.it\/?page_id=40"},"modified":"2025-10-03T16:04:40","modified_gmt":"2025-10-03T14:04:40","slug":"gli-uffici","status":"publish","type":"page","link":"https:\/\/ambbeirut.esteri.it\/it\/chi-siamo\/gli-uffici\/","title":{"rendered":"Gli Uffici"},"content":{"rendered":"<p class=\"s3\"><span class=\"s4\">Ambasciata d\u2019Italia a Beirut<\/span><span class=\"s4\"><br \/>\n<\/span><span class=\"s4\">Rue du Palais <\/span><span class=\"s4\">Pr\u00e9sidentiel<\/span><span class=\"s4\"><br \/>\n<\/span><span class=\"s4\">2902 2633 \u2013 <\/span><span class=\"s4\">Baabda<\/span><span class=\"s4\"><br \/>\n<\/span><span class=\"s4\">P.O. Box 40 057 <\/span><span class=\"s4\">Baabda<br \/>\n<\/span><\/p>\n<p class=\"s3\"><span class=\"s4\">Centralino: <\/span><span class=\"s4\">+961 5 954955<\/span><span class=\"s4\"><br \/>\n<\/span><span class=\"s4\">Fax +961 5 959616<\/span><span class=\"s4\"><br \/>\n<\/span><span class=\"s4\">email: <\/span><a href=\"mailto:amba.beirut@esteri.it\"><span class=\"s5\">amba.beirut@esteri.it<\/span><\/a><\/p>\n<p><a href=\"mailto:amb.beirut@cert.esteri.it\" target=\"_blank\" rel=\"noopener\">amb.beirut@cert.esteri.it<\/a><\/p>\n<p class=\"s3\"><span class=\"s4\">Il <\/span><b><span class=\"s2\">Centralino<\/span><span class=\"s2\"> dell\u2019Ambasciata<\/span><\/b><span class=\"s4\"> \u00e8 attivo<\/span><span class=\"s4\"> dal luned\u00ec al venerd\u00ec dalle <\/span><span class=\"s4\">8<\/span><span class=\"s4\">:00 alle 18:00. <\/span><\/p>\n<p class=\"s3\"><span class=\"s4\">Al<\/span> <span class=\"s4\">di fuori dell\u2019orario di apertura dell\u2019Ambasciata, <\/span><span class=\"s4\">\u00e8<\/span><span class=\"s4\"> possibile contattare &#8211; solo in caso di reale necessit\u00e0 &#8211; <\/span><b><span class=\"s2\">la linea<\/span><span class=\"s2\"> di <\/span><span class=\"s2\">e<\/span><span class=\"s2\">mergenza<\/span><span class=\"s2\"> per i connazionali<\/span><span class=\"s2\">:\u00a0+961 3 489966<\/span><span class=\"s4\">.<\/span><\/b><\/p>\n<p class=\"s3\"><span class=\"s2\"><b>Ambasciatore<\/b>\u00a0<\/span><span class=\"s4\">Fabrizio Marcelli<br \/>\n<\/span><span class=\"s2\"><b>Consigliera<\/b><\/span><span class=\"s4\">\u00a0Silvia Tosi<\/span><span class=\"s4\"><br \/>\n<\/span><span class=\"s2\"><b>Prima Segretaria<\/b><\/span><span class=\"s4\">\u00a0Valeria Bianconi<\/span><span class=\"s4\"><br \/>\n<\/span><span class=\"s2\"><b>Primo Segretario<\/b><\/span><span class=\"s4\"><b>\u00a0<\/b>Pietro Eynard<\/span><\/p>\n<p><span class=\"s2\"><b>Segreteria<br \/>\n<\/b><\/span><a href=\"mailto:amba.beirut@esteri.it\"><span class=\"s6\">amba.beirut@esteri.it<\/span><\/a><\/p>\n<p class=\"s3\"><span class=\"s2\"><b>Ufficio Consolare<br \/>\n<\/b><\/span><a href=\"mailto:cons.beirut@esteri.it\"><span class=\"s5\">cons.beirut@esteri.it<\/span><\/a> <span class=\"s4\">Tel: +961-5-954955<\/span><\/p>\n<p class=\"s3\"><a href=\"mailto:amb.beirut.pass@cert.esteri.it\" target=\"_blank\" rel=\"noopener\"><span class=\"s4\">amb.beirut.pass@cert.esteri.it<\/span><\/a><\/p>\n<p class=\"s3\"><span class=\"s4\">L\u2019Ufficio<\/span><span class=\"s4\"> consolare \u00e8 <\/span><span class=\"s4\">raggiungibile<\/span><span class=\"s4\"> telefonicamente <\/span><b><span class=\"s2\">dal luned\u00ec al venerd\u00ec dalle 13 alle 15<\/span><span class=\"s4\">.<br \/>\n<\/span><\/b><span class=\"s4\">La cancelleria consolare riceve <\/span><span class=\"s2\"><b>esclusivamente<\/b><\/span><span class=\"s4\"> su appuntamento.<br \/>\n<\/span><span class=\"s4\">\u00c8 possibile prenotare un appuntamento sulla piattaforma online \u201c<\/span><span class=\"s4\">Prenot@mi<\/span><span class=\"s4\">\u201d<\/span><span class=\"s4\">:<\/span><a href=\"https:\/\/prenotami.esteri.it\/\"><span class=\"s6\">https:\/\/prenotami.esteri.it\/<\/span><\/a><br \/>\n<span class=\"s4\"><i>Apertura degli Uffici<\/i><\/span><span class=\"s4\"><i>: <\/i><br \/>\n<\/span><span class=\"s4\">luned\u00ec,<\/span><span class=\"s4\">\u00a0<\/span><span class=\"s4\">marted\u00ec, <\/span><span class=\"s4\">gioved\u00ec <\/span><span class=\"s4\">e <\/span><span class=\"s4\">venerd\u00ec <\/span><span class=\"s4\">dalle 9.00 alle 13<\/span><span class=\"s4\">.<br \/>\n<\/span><span class=\"s4\">Mercoled\u00ec\u2019<\/span><span class=\"s4\">: dalle 14 alle 16.<\/span><\/p>\n<p><span class=\"s2\"><b>Ufficio Visti<br \/>\n<\/b><\/span><span class=\"s4\">e-mail:\u00a0<\/span><a href=\"mailto:visti.beirut@esteri.it\"><span class=\"s5\">visti.beirut@esteri.it<\/span><\/a><\/p>\n<p><a href=\"mailto:amb.beirut.visti@cert.esteri.it\" target=\"_blank\" rel=\"noopener\">amb.beirut.visti@cert.esteri.it<\/a><\/p>\n<p><span class=\"s4\">Se si desidera richiedere un visto per l&#8217;Italia, \u00e8 necessario visitare il sito <\/span><span class=\"s4\">TlsContact <\/span><span class=\"s4\">per fissare un appuntamento: <\/span><a href=\"https:\/\/it.tlscontact.com\/lb\/BEY\/index.php\"><span class=\"s6\">https:\/\/it.tlscontact.com\/lb\/BEY\/index.php<\/span><\/a><\/p>\n<p><span class=\"s2\"><b>Ufficio Stampa<br \/>\n<\/b><\/span><a href=\"mailto:press.beirut@esteri.it\"><span class=\"s6\">press.beirut@esteri.it<\/span><\/a><\/p>\n<p><span class=\"s2\"><b>Ufficio Economico Commerciale<br \/>\n<\/b><\/span><a href=\"mailto:comm.beirut@esteri.it\"><span class=\"s5\">comm.beirut@esteri.it<\/span><\/a><\/p>\n<p><span class=\"s2\"><b>Ufficio Culturale<br \/>\n<\/b><\/span><a href=\"mailto:beirut.culturale@esteri.it\"><span class=\"s5\">beirut.culturale@esteri.it<\/span><\/a><\/p>\n<p><span class=\"s2\"><b>Ufficio Amministrativo<br \/>\n<\/b><\/span><a href=\"mailto:cont.beirut@esteri.it\"><span class=\"s5\">cont.beirut@esteri.it<\/span><\/a><\/p>\n<p><a href=\"mailto:amb.beirut.amministrazione@cert.esteri.it\" target=\"_blank\" rel=\"noopener\"><span class=\"s4\">amb.beirut.amministrazione@cert.esteri.it<\/span><\/a><\/p>\n<p><span class=\"s2\"><b>Ufficio Informatica e Telecomunicazioni<\/b><br \/>\n<\/span><a href=\"mailto:informatica.beirut@esteri.it\"><span class=\"s5\">informatica.beirut@esteri.it<\/span><\/a><\/p>\n<p><span class=\"s2\"><b>Addetto per la Difesa<br \/>\n<\/b><\/span><span class=\"s4\">Colonnello Luigi Dore<\/span><span class=\"s4\"><br \/>\n<\/span><span class=\"s4\">e-mail:\u00a0<\/span><a href=\"mailto:difeitalia.beirut@smd.difesa.it\"><span class=\"s5\">difeitalia.beirut@smd.difesa.it<\/span><\/a><span class=\"s4\"><br \/>\n<\/span><span class=\"s4\">(Tel: +961-5-959635 Fax: +961-5-959637)<\/span><\/p>\n<p><span class=\"s2\"><b>Istituto Italiano di Cultura<br \/>\n<\/b><\/span><span class=\"s4\">Direttore Angelo Gio\u00e8<\/span><span class=\"s4\"><br \/>\n<\/span><span class=\"s4\">e-mail:\u00a0<\/span><a href=\"mailto:iicbeirut@esteri.it\"><span class=\"s5\">iicbeirut@esteri.it<\/span><\/a><span class=\"s4\"><br \/>\n<\/span><span class=\"s4\">(Tel: +961 5 959630-31-32 Fax: +961-5-959634)<\/span><span class=\"s4\"><br \/>\n<\/span><a href=\"https:\/\/iicbeirut.esteri.it\/IIC_Beirut\/it\"><span class=\"s5\">https:\/\/iicbeirut.esteri.it\/IIC_Beirut\/it<\/span><\/a><\/p>\n<p><span class=\"s2\"><b>AICS (Agenzia Italiana per la Cooperazione allo Sviluppo)<br \/>\n<\/b><\/span><span class=\"s4\">Direttrice Liana De Rosa<\/span><span class=\"s4\"><br \/>\n<\/span><span class=\"s4\">e-mail:\u00a0<\/span><a href=\"mailto:segreteria.beirut@aics.gov.it\"><span class=\"s5\">segreteria.beirut@aics.gov.it<\/span><\/a><span class=\"s4\"><br \/>\n<\/span><span class=\"s4\">(Tel: +961 5 951 376\/377\/378 Fax: +961-5-451383)<\/span><span class=\"s4\"><br \/>\n<\/span><a href=\"https:\/\/beirut.aics.gov.it\/\"><span class=\"s5\">https:\/\/beirut.aics.gov.it\/<\/span><\/a><\/p>\n<p><b><span class=\"s2\">Istituto per il Commercio Con l\u2019Estero<\/span><span class=\"s2\"> \u2013 <\/span><span class=\"s2\">Italian<\/span><span class=\"s2\"> Trade Agency (ITA)<br \/>\n<\/span><\/b><span class=\"s4\">Direttrice Marina Scognamiglio<\/span><span class=\"s4\"><br \/>\n<\/span><span class=\"s4\">e-mail:\u00a0<\/span><a href=\"mailto:beirut@ice.it\"><span class=\"s5\">beirut@ice.it<\/span><\/a><span class=\"s4\"><br \/>\n<\/span><span class=\"s4\">(Tel: +961-5-959640 Fax: +961-5-959644)<\/span><span class=\"s4\"><br \/>\n<\/span><a href=\"https:\/\/www.ice.it\/it\/mercati\/libano\/beirut\"><span class=\"s5\">https:\/\/www.ice.it\/it\/mercati\/libano\/beirut<\/span><\/a><span class=\"s4\"><br \/>\n<\/span><a href=\"https:\/\/www.ice.it\/it\/mercati\/libano\"><span class=\"s5\">https:\/\/www.ice.it\/it\/mercati\/libano<\/span><\/a><\/p>\n","protected":false},"excerpt":{"rendered":"Ambasciata d\u2019Italia a Beirut Rue du Palais Pr\u00e9sidentiel 2902 2633 \u2013 Baabda P.O. Box 40 057 Baabda Centralino: +961 5 954955 Fax +961 5 959616 email: amba.beirut@esteri.it amb.beirut@cert.esteri.it Il Centralino dell\u2019Ambasciata \u00e8 attivo dal luned\u00ec al venerd\u00ec dalle 8:00 alle 18:00. Al di fuori dell\u2019orario di apertura dell\u2019Ambasciata, \u00e8 possibile contattare &#8211; solo in caso [&hellip;]","protected":false},"author":1,"featured_media":0,"parent":13,"menu_order":4,"comment_status":"closed","ping_status":"closed","template":"","meta":{"footnotes":""},"class_list":["post-40","page","type-page","status-publish","hentry"],"_links":{"self":[{"href":"https:\/\/ambbeirut.esteri.it\/it\/wp-json\/wp\/v2\/pages\/40","targetHints":{"allow":["GET"]}}],"collection":[{"href":"https:\/\/ambbeirut.esteri.it\/it\/wp-json\/wp\/v2\/pages"}],"about":[{"href":"https:\/\/ambbeirut.esteri.it\/it\/wp-json\/wp\/v2\/types\/page"}],"author":[{"embeddable":true,"href":"https:\/\/ambbeirut.esteri.it\/it\/wp-json\/wp\/v2\/users\/1"}],"replies":[{"embeddable":true,"href":"https:\/\/ambbeirut.esteri.it\/it\/wp-json\/wp\/v2\/comments?post=40"}],"version-history":[{"count":7,"href":"https:\/\/ambbeirut.esteri.it\/it\/wp-json\/wp\/v2\/pages\/40\/revisions"}],"predecessor-version":[{"id":4640,"href":"https:\/\/ambbeirut.esteri.it\/it\/wp-json\/wp\/v2\/pages\/40\/revisions\/4640"}],"up":[{"embeddable":true,"href":"https:\/\/ambbeirut.esteri.it\/it\/wp-json\/wp\/v2\/pages\/13"}],"wp:attachment":[{"href":"https:\/\/ambbeirut.esteri.it\/it\/wp-json\/wp\/v2\/media?parent=40"}],"curies":[{"name":"wp","href":"https:\/\/api.w.org\/{rel}","templated":true}]}}