{"id":41,"date":"2023-04-11T18:07:19","date_gmt":"2023-04-11T16:07:19","guid":{"rendered":"https:\/\/ambasciatapraga.esteri.it\/?page_id=41"},"modified":"2025-05-15T15:45:37","modified_gmt":"2025-05-15T13:45:37","slug":"numeri-di-emergenza","status":"publish","type":"page","link":"https:\/\/ambbeirut.esteri.it\/it\/chi-siamo\/numeri-di-emergenza\/","title":{"rendered":"Numeri di emergenza"},"content":{"rendered":"<p>Al di fuori dell\u2019orario di apertura dell\u2019Ambasciata (dal luned\u00ec al venerd\u00ec dalle 8.00 alle 18.00),<\/p>\n<p>\u00e8 possibile contattare \u2013 solo in caso di reale necessit\u00e0 \u2013\u00a0<strong>la linea di emergenza per i <u>connazionali<\/u>: +961 3 489966.<\/strong><\/p>\n","protected":false},"excerpt":{"rendered":"Al di fuori dell\u2019orario di apertura dell\u2019Ambasciata (dal luned\u00ec al venerd\u00ec dalle 8.00 alle 18.00), \u00e8 possibile contattare \u2013 solo in caso di reale necessit\u00e0 \u2013\u00a0la linea di emergenza per i connazionali: +961 3 489966.","protected":false},"author":1,"featured_media":0,"parent":13,"menu_order":6,"comment_status":"closed","ping_status":"closed","template":"","meta":{"footnotes":""},"class_list":["post-41","page","type-page","status-publish","hentry"],"_links":{"self":[{"href":"https:\/\/ambbeirut.esteri.it\/it\/wp-json\/wp\/v2\/pages\/41","targetHints":{"allow":["GET"]}}],"collection":[{"href":"https:\/\/ambbeirut.esteri.it\/it\/wp-json\/wp\/v2\/pages"}],"about":[{"href":"https:\/\/ambbeirut.esteri.it\/it\/wp-json\/wp\/v2\/types\/page"}],"author":[{"embeddable":true,"href":"https:\/\/ambbeirut.esteri.it\/it\/wp-json\/wp\/v2\/users\/1"}],"replies":[{"embeddable":true,"href":"https:\/\/ambbeirut.esteri.it\/it\/wp-json\/wp\/v2\/comments?post=41"}],"version-history":[{"count":6,"href":"https:\/\/ambbeirut.esteri.it\/it\/wp-json\/wp\/v2\/pages\/41\/revisions"}],"predecessor-version":[{"id":4121,"href":"https:\/\/ambbeirut.esteri.it\/it\/wp-json\/wp\/v2\/pages\/41\/revisions\/4121"}],"up":[{"embeddable":true,"href":"https:\/\/ambbeirut.esteri.it\/it\/wp-json\/wp\/v2\/pages\/13"}],"wp:attachment":[{"href":"https:\/\/ambbeirut.esteri.it\/it\/wp-json\/wp\/v2\/media?parent=41"}],"curies":[{"name":"wp","href":"https:\/\/api.w.org\/{rel}","templated":true}]}}