{"id":43,"date":"2023-04-11T18:10:30","date_gmt":"2023-04-11T16:10:30","guid":{"rendered":"https:\/\/ambasciatapraga.esteri.it\/?page_id=43"},"modified":"2024-05-14T17:32:02","modified_gmt":"2024-05-14T15:32:02","slug":"diplomazia-economica","status":"publish","type":"page","link":"https:\/\/ambbeirut.esteri.it\/it\/italia-e-libano\/diplomazia-economica\/","title":{"rendered":"Diplomazia economica"},"content":{"rendered":"<h5 style=\"text-align: justify;\">Relazioni Economiche Bilaterali<\/h5>\n<p style=\"text-align: justify;\">Le relazioni economiche tra Italia e Libano hanno risentito della crisi economica e finanziaria che ha interessato il Libano a partire dal 2019. Nonostante i ritardi nell\u2019attuazione di un piano di riforma che consenta al Paese di imboccare nuovamente il percorso della crescita, il partenariato commerciale ha mostrato significativa resilienza grazie alla vitalit\u00e0 del settore privato libanese.<\/p>\n<p style=\"text-align: justify;\">Le relazioni economiche sono infatti tradizionalmente incentrate sulle esportazioni italiane verso il mercato libanese, caratterizzato da un buon grado di apertura in settori ad alto valore aggiunto. Ci\u00f2 anche grazie al ruolo della diaspora libanese, diffusa in tutto il mondo, in grado di favorire meccanismi di triangolazione attraverso investimenti congiunti in Paesi terzi. Minore invece il peso degli investimenti in Libano, che risentono \u2013 oltre che della attuale assenza di garanzie sovrane a seguito della dichiarazione di default \u2013 anche di pi\u00f9 strutturali problemi legati alla natura del mercato libanese (rischio politico pronunciato, infrastrutture inadeguate, reti oligopolistiche suscettibili di creare barriere all\u2019ingresso).<\/p>\n<p style=\"text-align: justify;\">L\u2019Italia figura stabilmente tra i primi fornitori del Libano. La gamma di prodotti italiani esportati verso il mercato libanese, attraverso accordi di distribuzione e franchising, \u00e8 ampiamente diversificata e include principalmente prodotti petroliferi raffinati, macchinari, prodotti chimici, gioielli e oreficeria, mobili e design, tessile e abbigliamento, metalli, prodotti in plastica, oltre ai prodotti agroalimentari.<\/p>\n<p style=\"text-align: justify;\">Nel biennio 2020-2021 le esportazioni italiane in Libano sono diminuite di volume a seguito della crisi economica che ha interessato il Paese, al pari di tutte quelle degli altri Paesi fornitori, ma l\u2019Italia \u00e8 riuscita comunque a preservare la propria quota di mercato relativa rispetto ai concorrenti. Il 2022 ha tuttavia fatto segnare un\u2019importante inversione di tendenza, che appare essersi mantenuta nel 2023. Attualmente l&#8217;Italia \u00e8 il quinto fornitore del Libano, primo Paese europeo dopo la Grecia.<\/p>\n<p style=\"text-align: justify;\">La crisi del sistema economico libanese ha messo in luce la necessit\u00e0 di una transizione da un modello basato in modo preponderante su importazioni e servizi (questi ultimi pari all\u201983% del PIL, con principali comparti quelli bancario, immobiliare e turistico) verso un modello pi\u00f9 sostenibile e con un ruolo pi\u00f9 importante per i settori produttivi. In tale prospettiva, ai beni di consumo, che hanno storicamente rappresentato una componente rilevante dell\u2019export italiano, si potranno affiancare in misura crescente anche i beni strumentali ed intermedi, a sostegno delle opportunit\u00e0 di creazione di partenariati produttivi tra aziende italiane e libanesi, ad esempio nei settori agroalimentare e delle tecnologie a basso impatto ambientale. La diplomazia economica italiana si affianca in questo contesto ai progetti di cooperazione allo sviluppo, che negli ultimi anni stanno investendo in maniera crescente in questi settori e, pi\u00f9 in generale, nel sostegno al settore privato. Diverse opportunit\u00e0 imprenditoriali sono cos\u00ec collegate a iniziative finanziate dall\u2019Italia, dall\u2019Unione Europea e dalla Banca Mondiale.<\/p>\n<p style=\"text-align: justify;\">Dal 2017 il Libano ha iniziato il processo di sfruttamento delle risorse energetiche offshore, avviando nel 2020 prospezioni energetiche in alcuni blocchi delle proprie acque territoriali, con la partecipazione di societ\u00e0 italiane. Geograficamente, la zona fa parte del cosiddetto \u201cBacino del Levante\u201d, che include i Paesi limitrofi oggetto di numerose iniziative di estrazione e commercializzazione delle risorse di petrolio e gas naturale. Il Libano non \u00e8 membro del Foro del Gas del Mediterraneo Orientale.<\/p>\n<p style=\"text-align: justify;\">Presso l\u2019Ambasciata d\u2019Italia \u00e8 attivo un ufficio ICE. Maggiori informazioni su opportunit\u00e0 e rischi, cos\u00ec come sull\u2019organizzazione di fiere e missioni settoriali, possono essere reperite qui: <a href=\"https:\/\/www.ice.it\/it\/mercati\/libano\" target=\"_blank\" rel=\"noopener\">https:\/\/www.ice.it\/it\/mercati\/libano<\/a><\/p>\n<h5 style=\"text-align: justify;\">Libano: Accordi Multilaterali e mercati internazionali<\/h5>\n<p style=\"text-align: justify;\">Il Libano ha accordi di libero scambio con i Paesi Arabi, essendo parte del\u00a0<a href=\"http:\/\/www.economy.gov.lb\/en\/what-we-provide\/trade\/foreign-trade-department\/international-agreements\/gafta\/\" target=\"_blank\" rel=\"noopener\">\u2018Greater Arab Free Trade Area\u2019 (GAFTA)<\/a>, e con l\u2019<a href=\"https:\/\/www.efta.int\/free-trade\/free-trade-agreements\/lebanon\" target=\"_blank\" rel=\"noopener\">Associazione Europea di Libero Scambio (EFTA)<\/a>. Ha inoltre concluso un\u00a0<a href=\"https:\/\/ec.europa.eu\/trade\/policy\/countries-and-regions\/countries\/lebanon\/index_en.htm\" target=\"_blank\" rel=\"noopener\">Accordo di Associazione euro-mediterraneo con l\u2019Unione Europea<\/a>\u00a0nel 2006.<\/p>\n<p style=\"text-align: justify;\">Nel 1999, il Libano ha avanzato richiesta di adesione all\u2019Organizzazione Mondiale del Commercio (OMC), presso cui ha lo status di osservatore. Il processo di adeguamento alle norme OMC richiede ancora diversi passi, relativi anche alla normativa sulla protezione della propriet\u00e0 intellettuale e al rispetto dell\u2019Accordo TRIPs (Agreement on Trade Related Aspects of Intellectual property rights).<\/p>\n<p style=\"text-align: justify;\">I Paesi arabi rappresentano il principale mercato di sbocco delle esportazioni libanesi, di cui assorbono circa il 41% del totale (in particolare prodotti agricoli), seguiti dall\u2019UE con una quota di circa il 10%. Per converso l\u2019UE assicura quasi il 40% delle importazioni libanesi (con prevalenza di beni di consumo); tra gli altri fornitori principali vi sono Turchia, Cina e Stati Uniti. Da questa pronunciata asimmetria tra mercati di sbocco e provenienza e tipologia delle merci deriva peraltro uno dei problemi strutturali libanesi, ossia un forte squilibrio della bilancia commerciale.<\/p>\n<p style=\"text-align: justify;\">\n","protected":false},"excerpt":{"rendered":"Relazioni Economiche Bilaterali Le relazioni economiche tra Italia e Libano hanno risentito della crisi economica e finanziaria che ha interessato il Libano a partire dal 2019. Nonostante i ritardi nell\u2019attuazione di un piano di riforma che consenta al Paese di imboccare nuovamente il percorso della crescita, il partenariato commerciale ha mostrato significativa resilienza grazie alla [&hellip;]","protected":false},"author":1,"featured_media":0,"parent":14,"menu_order":0,"comment_status":"closed","ping_status":"closed","template":"","meta":{"footnotes":""},"class_list":["post-43","page","type-page","status-publish","hentry"],"_links":{"self":[{"href":"https:\/\/ambbeirut.esteri.it\/it\/wp-json\/wp\/v2\/pages\/43","targetHints":{"allow":["GET"]}}],"collection":[{"href":"https:\/\/ambbeirut.esteri.it\/it\/wp-json\/wp\/v2\/pages"}],"about":[{"href":"https:\/\/ambbeirut.esteri.it\/it\/wp-json\/wp\/v2\/types\/page"}],"author":[{"embeddable":true,"href":"https:\/\/ambbeirut.esteri.it\/it\/wp-json\/wp\/v2\/users\/1"}],"replies":[{"embeddable":true,"href":"https:\/\/ambbeirut.esteri.it\/it\/wp-json\/wp\/v2\/comments?post=43"}],"version-history":[{"count":6,"href":"https:\/\/ambbeirut.esteri.it\/it\/wp-json\/wp\/v2\/pages\/43\/revisions"}],"predecessor-version":[{"id":2578,"href":"https:\/\/ambbeirut.esteri.it\/it\/wp-json\/wp\/v2\/pages\/43\/revisions\/2578"}],"up":[{"embeddable":true,"href":"https:\/\/ambbeirut.esteri.it\/it\/wp-json\/wp\/v2\/pages\/14"}],"wp:attachment":[{"href":"https:\/\/ambbeirut.esteri.it\/it\/wp-json\/wp\/v2\/media?parent=43"}],"curies":[{"name":"wp","href":"https:\/\/api.w.org\/{rel}","templated":true}]}}