{"id":44,"date":"2023-04-11T18:10:45","date_gmt":"2023-04-11T16:10:45","guid":{"rendered":"https:\/\/ambasciatapraga.esteri.it\/?page_id=44"},"modified":"2024-05-14T17:32:39","modified_gmt":"2024-05-14T15:32:39","slug":"diplomazia-culturale","status":"publish","type":"page","link":"https:\/\/ambbeirut.esteri.it\/it\/italia-e-libano\/diplomazia-culturale\/","title":{"rendered":"Diplomazia culturale"},"content":{"rendered":"<p class=\"boxLevel03\" style=\"text-align: justify;\">L&#8217;Ambasciata d&#8217;Italia e l\u2019Istituto Italiano di Cultura promuovono e diffondono la lingua e la cultura italiana tramite la promozione della cooperazione inter-universitaria e l&#8217;organizzazione di corsi di lingua ed eventi, al fine di favorire la circolazione delle idee, delle arti e delle scienze oltre che gli scambi culturali tra Italia e Libano.<\/p>\n<p style=\"text-align: justify;\">Il partenariato culturale bilaterale ha registrato un rinnovato impulso, a partire dalla firma nel novembre 2000 dell\u2019Accordo di collaborazione culturale, scientifica e tecnologica. L\u2019Accordo ha introdotto l\u2019insegnamento dell\u2019italiano come seconda lingua straniera in diverse scuole secondarie libanesi. L\u2019italiano \u00e8 inoltre insegnato presso l\u2019Universit\u00e0 Libanese (dove \u00e8 presente un lettore di ruolo), l\u2019Universit\u00e0 Saint-Esprit di Kaslik (che ha aderito al progetto Laureati per l&#8217;Italiano dal 2017), l&#8217;Universit\u00e0 Haigazian (lettore a contratto). Sono inoltre attivi i corsi di lingua dell\u2019Istituto Italiano di Cultura a Beirut, che \u00e8 presente con una propria sede succursale a Tiro ed in varie localit\u00e0 (Dbayeh, Jounieh, Nabatieh, Sarba, Sidone, Zahle), grazie a specifiche convenzioni stipulate con istituzioni locali pubbliche e private. A Tripoli \u00e8 attivo il Comitato della Societ\u00e0 Dante Alighieri (<a href=\"https:\/\/dantealighierilebanon.com\/en\/contact-us\/\">https:\/\/dantealighierilebanon.com\/en\/contact-us\/<\/a>).<\/p>\n<p style=\"text-align: justify;\">La cooperazione tra Universit\u00e0 italiane e libanesi ha portato alla conclusione di diversi accordi inter-universitari: un accordo dell\u2019Istituto Universitario di Architettura di Venezia con l\u2019Universit\u00e0 di Byblos e con l\u2019Universit\u00e0 Saint-Esprit di Kaslik nel settore dell&#8217;architettura e dell&#8217;urbanistica; ben tre accordi tra il Politecnico di Milano e la American University of Science and Technology (AUST) di Beirut nel settore dell\u2019ingegneria, tra i quali si segnala quale particolarmente rilevante quello siglato nel febbraio 2006 per un corso con rilascio di doppia laurea in ingegneria.<\/p>\n<p style=\"text-align: justify;\">Nel 2010 \u00e8 stata firmata una convenzione tra l\u2019Universit\u00e0 Libanese e l\u2019Universit\u00e0 per Stranieri di Siena, che istituisce un Master di comunicazione interculturale (Studi italo-libanesi) per la formazione di insegnanti di italiano nelle istituzioni scolastiche e universitarie libanesi.<\/p>\n<p style=\"text-align: justify;\">Dal 2016 \u00e8 attivo presso l&#8217;Universit\u00e0 Saint-Esprit di Kaslik un programma congiunto con l&#8217;Universit\u00e0 di Urbino in Conservazione e restauro del patrimonio culturale e arte sacra, comprensivo di corso di laurea, master e dottorato. Si tratta dell&#8217;unico programma di livello accademico nel Medio Oriente in materia di conservazione e restauro.<\/p>\n<p style=\"text-align: justify;\">Sono inoltre operative quattro missioni archeologiche italiane in Libano, operanti rispettivamente una nel nord, una nello Chouf e due nella regione di Tiro.<\/p>\n<p style=\"text-align: justify;\">La promozione culturale avviene attraverso l&#8217;organizzazione e la partecipazione ad eventi, tra cui mostre d\u2019arte, di design, fotografia e videoarte, fiere del libro, concerti di musica lirica, da camera, jazz e musica popolare, rassegne e retrospettive cinematografiche, convegni, seminari e tavole rotonde, spettacoli teatrali e recital di poesie.<\/p>\n<p style=\"text-align: justify;\">Gli eventi culturali sono realizzati in partenariato con varie Istituzioni Libanesi pubbliche e private, fra le quali il Ministero della Cultura, il Ministero dell\u2019Educazione e dell\u2019Insegnamento Superiore e Centro di Ricerca e Sviluppo Pedagogico, l&#8217;Universit\u00e0 libanese, la Direzione Generale delle Antichit\u00e0, le municipalit\u00e0, il Comitato di Tripoli della Societ\u00e0 Dante Alighieri, i Festival Internazionali di Baalbeck, Al Bustan, Beirut Chants, BAFF (Beirut Art Film Festival), SOL (Festival di organo), BIPOD (Beirut International Platform of Dance), Liban Jazz, Cabriolet, il Conservatorio di Musica, l&#8217;Accademia Libanese di Belle Arti (ALBA), le universit\u00e0 Saint Joseph, La Sagesse, NDU (Notre Dame University), Antonina, USEK, AUB (American University of Beirut), i musei MACAM (Modern and Contemporary Art Museum), Sursok, Beit Beirut e Nazionale e molti altri enti. E&#8217; attiva inoltre la collaborazione in Libano con la Delegazione in Libano dell&#8217;Unione Europea e le Ambasciate e gli Istituti culturali stranieri presenti.<\/p>\n<p style=\"text-align: justify;\">In Italia, oltre che con il Ministero degli Esteri e della Cooperazione Internazionale, \u00e8 costante la collaborazione con il Ministero per i Beni Culturali, il Ministero dell\u2019Istruzione e dell\u2019Universita\u2019, il CIDIM (Comitato Nazionale Italiano della Musica) e varie altre istituzioni, Regioni ed Enti Locali.<\/p>\n","protected":false},"excerpt":{"rendered":"L&#8217;Ambasciata d&#8217;Italia e l\u2019Istituto Italiano di Cultura promuovono e diffondono la lingua e la cultura italiana tramite la promozione della cooperazione inter-universitaria e l&#8217;organizzazione di corsi di lingua ed eventi, al fine di favorire la circolazione delle idee, delle arti e delle scienze oltre che gli scambi culturali tra Italia e Libano. Il partenariato culturale [&hellip;]","protected":false},"author":1,"featured_media":0,"parent":14,"menu_order":2,"comment_status":"closed","ping_status":"closed","template":"","meta":{"footnotes":""},"class_list":["post-44","page","type-page","status-publish","hentry"],"_links":{"self":[{"href":"https:\/\/ambbeirut.esteri.it\/it\/wp-json\/wp\/v2\/pages\/44","targetHints":{"allow":["GET"]}}],"collection":[{"href":"https:\/\/ambbeirut.esteri.it\/it\/wp-json\/wp\/v2\/pages"}],"about":[{"href":"https:\/\/ambbeirut.esteri.it\/it\/wp-json\/wp\/v2\/types\/page"}],"author":[{"embeddable":true,"href":"https:\/\/ambbeirut.esteri.it\/it\/wp-json\/wp\/v2\/users\/1"}],"replies":[{"embeddable":true,"href":"https:\/\/ambbeirut.esteri.it\/it\/wp-json\/wp\/v2\/comments?post=44"}],"version-history":[{"count":3,"href":"https:\/\/ambbeirut.esteri.it\/it\/wp-json\/wp\/v2\/pages\/44\/revisions"}],"predecessor-version":[{"id":2579,"href":"https:\/\/ambbeirut.esteri.it\/it\/wp-json\/wp\/v2\/pages\/44\/revisions\/2579"}],"up":[{"embeddable":true,"href":"https:\/\/ambbeirut.esteri.it\/it\/wp-json\/wp\/v2\/pages\/14"}],"wp:attachment":[{"href":"https:\/\/ambbeirut.esteri.it\/it\/wp-json\/wp\/v2\/media?parent=44"}],"curies":[{"name":"wp","href":"https:\/\/api.w.org\/{rel}","templated":true}]}}