{"id":45,"date":"2023-04-11T18:10:55","date_gmt":"2023-04-11T16:10:55","guid":{"rendered":"https:\/\/ambasciatapraga.esteri.it\/?page_id=45"},"modified":"2024-05-14T17:33:57","modified_gmt":"2024-05-14T15:33:57","slug":"diplomazia-scientifica","status":"publish","type":"page","link":"https:\/\/ambbeirut.esteri.it\/it\/italia-e-libano\/diplomazia-scientifica\/","title":{"rendered":"Diplomazia politica"},"content":{"rendered":"<p style=\"text-align: justify;\">L\u2019Italia ha stabilito con il Libano importanti legami bilaterali sin dall\u2019indipendenza di quest\u2019ultimo. Nel marzo 1947 il Governo libanese ha ufficialmente riconosciuto l\u2019allora Legazione d\u2019Italia, divenuta Ambasciata d\u2019Italia nel 1955. I primi accordi bilaterali, tra cui il Trattato di Amicizia, Commercio e Navigazione, risalgono al 1949.<\/p>\n<p style=\"text-align: justify;\">Le relazioni politiche, economiche e culturali tra i due Paesi si sono costantemente rafforzate nel corso degli anni. L\u2019Italia ha continuato a sostenere il Libano anche nei momenti pi\u00f9 difficili, sia sul versante della stabilit\u00e0 e della sicurezza, con la missione militare ITALCON, attiva tra il 1982 e il 1984, sia tramite la cooperazione allo sviluppo, attiva dal 1983.<\/p>\n<p style=\"text-align: justify;\">I legami bilaterali e l\u2019impegno dell\u2019Italia in Libano sono ulteriormente cresciuti dopo la guerra del 2006. L\u2019Italia ha ospitato, nel luglio 2006, la Conferenza di Roma sul Libano, volta a rinnovare l\u2019impegno della comunit\u00e0 internazionale per la pace nella regione. Ed ha poi riattivato ed esteso la propria presenza in UNIFIL (United Nations Interim Force in Lebanon), la missione ONU di interposizione presente nel Sud del Libano dal 1978, alla quale la Risoluzione del Consiglio di Sicurezza ONU 1701 ha conferito, nell\u2019agosto 2006, un nuovo e pi\u00f9 ampio mandato.<\/p>\n<p style=\"text-align: justify;\">L\u2019Italia sostiene l\u2019unit\u00e0, la sovranit\u00e0 e l\u2019indipendenza del Libano e opera per raggiungere la piena attuazione della Risoluzione n. 1701 del Consiglio di Sicurezza delle Nazioni Unite e delle altre risoluzioni ONU riguardanti il Libano. Svolge inoltre un ruolo di primissimo piano all\u2019interno di UNIFIL, cui assicura il secondo maggior contingente militare e di cui, per ben quattro volte negli ultimi anni, ha espresso il Comandante.<\/p>\n<p style=\"text-align: justify;\">L\u2019Italia fa parte dell\u2019International Support Group \u2013 ISG, nato nel 2013 su iniziativa del Segretario Generale ONU e dell\u2019allora Presidente della Repubblica Libanese per favorire il coordinamento e l\u2019assistenza al Libano e alle sue istituzioni da parte dei principali partner (ONU, Membri Permanenti del Consiglio di Sicurezza, Italia, Germania, UE, Banca Mondiale, Lega Araba).<\/p>\n<p style=\"text-align: justify;\">In ambito ISG, l\u2019Italia ha curato la preparazione di due Conferenze Internazionali per il sostegno alle forze di sicurezza libanesi, voltesi a Roma nel 2014 e nel 2018. Inoltre, nel 2015 il Governo italiano ha lanciato la Missione Bilaterale di addestramento MIBIL, che svolge corsi di addestramento a favore di unit\u00e0 delle forze armate e di sicurezza libanesi, contribuendo cos\u00ec a rafforzare una istituzione chiave per la stabilit\u00e0 del Paese.<\/p>\n<p style=\"text-align: justify;\">Sul piano bilaterale, sono frequenti il sostegno reciproco tra Italia e Libano alle varie candidature internazionali e lo scambio di visite ad alto livello. Dal 2009, hanno avuto luogo oltre 40 visite istituzionali, tra, cui da ultimo, quelle del Presidente del Consiglio, Giorgia Meloni (marzo 2024), e del Vice Presidente del Consiglio e Ministro degli Affari Esteri e della Cooperazione Internazionale, Antonio Tajani (gennaio 2024).<\/p>\n<p style=\"text-align: justify;\">\n","protected":false},"excerpt":{"rendered":"L\u2019Italia ha stabilito con il Libano importanti legami bilaterali sin dall\u2019indipendenza di quest\u2019ultimo. Nel marzo 1947 il Governo libanese ha ufficialmente riconosciuto l\u2019allora Legazione d\u2019Italia, divenuta Ambasciata d\u2019Italia nel 1955. I primi accordi bilaterali, tra cui il Trattato di Amicizia, Commercio e Navigazione, risalgono al 1949. Le relazioni politiche, economiche e culturali tra i due [&hellip;]","protected":false},"author":1,"featured_media":0,"parent":14,"menu_order":4,"comment_status":"closed","ping_status":"closed","template":"","meta":{"footnotes":""},"class_list":["post-45","page","type-page","status-publish","hentry"],"_links":{"self":[{"href":"https:\/\/ambbeirut.esteri.it\/it\/wp-json\/wp\/v2\/pages\/45","targetHints":{"allow":["GET"]}}],"collection":[{"href":"https:\/\/ambbeirut.esteri.it\/it\/wp-json\/wp\/v2\/pages"}],"about":[{"href":"https:\/\/ambbeirut.esteri.it\/it\/wp-json\/wp\/v2\/types\/page"}],"author":[{"embeddable":true,"href":"https:\/\/ambbeirut.esteri.it\/it\/wp-json\/wp\/v2\/users\/1"}],"replies":[{"embeddable":true,"href":"https:\/\/ambbeirut.esteri.it\/it\/wp-json\/wp\/v2\/comments?post=45"}],"version-history":[{"count":4,"href":"https:\/\/ambbeirut.esteri.it\/it\/wp-json\/wp\/v2\/pages\/45\/revisions"}],"predecessor-version":[{"id":2583,"href":"https:\/\/ambbeirut.esteri.it\/it\/wp-json\/wp\/v2\/pages\/45\/revisions\/2583"}],"up":[{"embeddable":true,"href":"https:\/\/ambbeirut.esteri.it\/it\/wp-json\/wp\/v2\/pages\/14"}],"wp:attachment":[{"href":"https:\/\/ambbeirut.esteri.it\/it\/wp-json\/wp\/v2\/media?parent=45"}],"curies":[{"name":"wp","href":"https:\/\/api.w.org\/{rel}","templated":true}]}}