{"id":46,"date":"2023-04-11T18:11:52","date_gmt":"2023-04-11T16:11:52","guid":{"rendered":"https:\/\/ambasciatapraga.esteri.it\/?page_id=46"},"modified":"2024-10-31T17:54:31","modified_gmt":"2024-10-31T16:54:31","slug":"cooperazione-allo-sviluppo","status":"publish","type":"page","link":"https:\/\/ambbeirut.esteri.it\/it\/italia-e-libano\/cooperazione-allo-sviluppo\/","title":{"rendered":"Cooperazione allo sviluppo"},"content":{"rendered":"<h5 style=\"text-align: justify;\">Italia e Libano: insieme dal 1983<\/h5>\n<p class=\"boxLevel03\" style=\"text-align: justify;\">La storia di solidariet\u00e0, cooperazione e collaborazione tra Italia e Libano \u00e8 iniziata nel 1983. In quell\u2019anno i due governi firmarono il primo accordo per un finanziamento italiano a favore della ricostruzione del Libano, sconvolto dalla guerra civile. Con quei fondi fu realizzata una stazione di pompaggio per l\u2019acquedotto pubblico alla periferia di Beirut, e oggi quell\u2019impianto \u00e8 ancora un nodo nevralgico per la fornitura di acqua alla capitale.<br \/>\nDa quel primo progetto, la Cooperazione italiana ha continuato ininterrottamente a essere attiva nel Paese lavorando con le istituzioni libanesi e la societ\u00e0 civile per la ricostruzione postbellica e per il sostegno ai gruppi sociali pi\u00f9 vulnerabili. Un impegno che, dopo la guerra del 2006, si \u00e8 ulteriormente rafforzato con l\u2019apertura di una sede della Cooperazione Italiana in Libano.<\/p>\n<h5 style=\"text-align: justify;\">L\u2019impegno dell\u2019AICS di Beirut<\/h5>\n<p style=\"text-align: justify;\">L\u2019Italia rappresenta, anche grazie all\u2019azione della Cooperazione italiana, uno dei partner di riferimento per le istituzioni libanesi, tanto da divenire interlocutore privilegiato in molti settori, anche nelle strategie di intervento dedicate a mitigare l\u2019impatto della crisi siriana sul Libano.<\/p>\n<p style=\"text-align: justify;\">Oggi, anche nello spirito della Legge 125\/2014 sulla riforma della Cooperazione, AICS Beirut finanzia programmi e progetti realizzati da Organizzazioni Internazionali e Organizzazioni della Societ\u00e0 Civile, operando in rete con molteplici attori del settore pubblici e privati, in Libano, Italia e in Europa. I progetti AICS concorrono all\u2019azione dell\u2019Italia a favore della progressiva stabilizzazione e sviluppo della vita socio-economica e politica del Paese.<br \/>\nAttraverso il canale bilaterale, AICS finanzia numerose iniziative nei settori chiave delle politiche sociali (supporto ai minori, alle donne e alle questioni di genere, miglioramento del servizio sanitario), della protezione dell\u2019ambiente (miglioramento delle condizioni ambientali, sviluppo delle energie rinnovabili, impiego sostenibile delle risorse naturali, smaltimento dei rifiuti), della costruzione di infrastrutture di base (impianti di depurazione delle acque, trattamento acque reflue, canalizzazioni a scopo agricolo), dello sviluppo agricolo e rurale e della tutela e valorizzazione del patrimonio culturale e archeologico del Libano.<\/p>\n<p style=\"text-align: justify;\">A partire dal 2011, AICS Beirut ha intensificato gli interventi umanitari e di sviluppo a sostegno dei settori e delle comunit\u00e0 del Libano maggiormente interessati dalle ricadute del conflitto in Siria ed\u00a0\u00e8 stata delegata anche alla gestione dei programmi in Siria. L\u2019intervento italiano, nel quadro della risposta della comunit\u00e0 internazionale,\u00a0\u00e8 passato dalla risposta di prima emergenza a programmi volti a rafforzare la resilienza sia dei rifugiati, sia delle comunit\u00e0 ospitanti.<\/p>\n<p style=\"text-align: justify;\">A seguito dell\u2019attacco di Hamas contro Israele del 7 ottobre 2023, e del conseguente coinvolgimento del Libano nel conflitto medio-orientale, l\u2019Italia ha ulteriormente rafforzato il proprio impegno a sostegno della popolazione civile. In risposta alla crisi umanitaria provocata dall\u2019estensione delle operazioni militari nel Paese a partire da fine settembre 2024, l\u2019Italia ha disposto l\u2019erogazione di contributi aggiuntivi per un valore di 28M di euro.<\/p>\n<p style=\"text-align: justify;\">Per approfondimenti sulle attivit\u00e0 di cooperazione allo sviluppo consultare il\u00a0<a href=\"https:\/\/beirut.aics.gov.it\/\">sito AICS Beirut<\/a>.<\/p>\n<p class=\"boxLevel03\" style=\"text-align: justify;\">\n","protected":false},"excerpt":{"rendered":"Italia e Libano: insieme dal 1983 La storia di solidariet\u00e0, cooperazione e collaborazione tra Italia e Libano \u00e8 iniziata nel 1983. In quell\u2019anno i due governi firmarono il primo accordo per un finanziamento italiano a favore della ricostruzione del Libano, sconvolto dalla guerra civile. Con quei fondi fu realizzata una stazione di pompaggio per l\u2019acquedotto [&hellip;]","protected":false},"author":1,"featured_media":0,"parent":14,"menu_order":6,"comment_status":"closed","ping_status":"closed","template":"","meta":{"footnotes":""},"class_list":["post-46","page","type-page","status-publish","hentry"],"_links":{"self":[{"href":"https:\/\/ambbeirut.esteri.it\/it\/wp-json\/wp\/v2\/pages\/46","targetHints":{"allow":["GET"]}}],"collection":[{"href":"https:\/\/ambbeirut.esteri.it\/it\/wp-json\/wp\/v2\/pages"}],"about":[{"href":"https:\/\/ambbeirut.esteri.it\/it\/wp-json\/wp\/v2\/types\/page"}],"author":[{"embeddable":true,"href":"https:\/\/ambbeirut.esteri.it\/it\/wp-json\/wp\/v2\/users\/1"}],"replies":[{"embeddable":true,"href":"https:\/\/ambbeirut.esteri.it\/it\/wp-json\/wp\/v2\/comments?post=46"}],"version-history":[{"count":4,"href":"https:\/\/ambbeirut.esteri.it\/it\/wp-json\/wp\/v2\/pages\/46\/revisions"}],"predecessor-version":[{"id":3355,"href":"https:\/\/ambbeirut.esteri.it\/it\/wp-json\/wp\/v2\/pages\/46\/revisions\/3355"}],"up":[{"embeddable":true,"href":"https:\/\/ambbeirut.esteri.it\/it\/wp-json\/wp\/v2\/pages\/14"}],"wp:attachment":[{"href":"https:\/\/ambbeirut.esteri.it\/it\/wp-json\/wp\/v2\/media?parent=46"}],"curies":[{"name":"wp","href":"https:\/\/api.w.org\/{rel}","templated":true}]}}