{"id":48,"date":"2023-04-11T18:12:44","date_gmt":"2023-04-11T16:12:44","guid":{"rendered":"https:\/\/ambasciatapraga.esteri.it\/?page_id=48"},"modified":"2023-11-16T10:41:54","modified_gmt":"2023-11-16T09:41:54","slug":"servizi-per-il-cittadino-straniero","status":"publish","type":"page","link":"https:\/\/ambbeirut.esteri.it\/it\/servizi-consolari-e-visti\/servizi-per-il-cittadino-straniero\/","title":{"rendered":"Servizi per il cittadino straniero"},"content":{"rendered":"<p><strong>I visti Schengen e nazionali per l\u2019Italia.<\/strong><\/p>\n<p>L\u2019Ambasciata d\u2019Italia a Beirut \u00e8 competente sui visti per i cittadini, legalmente residenti in Libano ed in Siria, che sono soggetti all\u2019obbligo di visto. Essa \u00e8 competente ad esprimersi sui visti Schengen (tipo C), destinati al breve soggiorno, e sui visti nazionali (tipo D) che abilitano alla richiesta di un permesso di soggiorno in Italia. Secondo la legge italiana, vi sono 21 tipologie di visto, sia di tipo C che di tipo D.<\/p>\n<p>Le vignette dei visti riportano le seguenti informazioni: gli ingressi, la durata e la validit\u00e0 del visto. Gli ingressi possono essere 1, 2 o multipli. La durata massima degli ingressi \u00e8 90 giorni ogni 180 giorni. La validit\u00e0 \u00e8 il tempo entro il quale \u00e8 possibile usare il visto, nel rispetto della durata concessa. La permanenza in area Schengen oltre la validit\u00e0 stabilita dal visto \u00e8 illegale, anche se avviene entro la durata dello stesso.<\/p>\n<p>Vi sono 21 tipi di visto, che possono essere Schengen (C) o nazionali (D). I principali visti di tipo C sono quelli per turismo e per affari. I principali visti di tipo D sono quelli diplomatico e di reingresso. I visti per cure mediche, lavoro autonomo, lavoro subordinato, missione, motivi religiosi, ricerca, studio, possono essere C o D, a seconda della validit\u00e0 necessaria.<\/p>\n<p>L\u2019Ambasciata pu\u00f2 in qualsiasi momento chiedere la verifica del rientro in Libano (o in Siria) del destinatario di visto. In caso di mancato rientro della persona nel Paese di partenza, l\u2019Ambasciata ha il dovere di segnalare il caso alla giustizia italiana.<\/p>\n<p>Il visto non pu\u00f2 avere validit\u00e0 nei tre mesi prima dalla data di scadenza del passaporto, pertanto si invitano i richiedenti a verificarne la durata. Il passaporto deve avere almeno due pagine bianche per consentire l\u2019apposizione del visto.<\/p>\n<p>Per i cittadini libanesi e siriani, la procedura per il visto ha dei tempi tecnici minimi che possono arrivare a due settimane, a causa dei tempi della consultazione fra Paesi Schengen. Pertanto si raccomanda all\u2019utenza di presentare domanda almeno tre settimane prima della partenza. Non \u00e8 possibile garantire il rilascio del visto se la pratica viene presentata meno di due settimane prima dalla partenza.<\/p>\n<p>&nbsp;<\/p>\n<p><strong>Codice Visti Schengen<\/strong><\/p>\n<p>Il 2 febbraio 2020 entra in vigore il nuovo Codice Visti Schengen, il quale apporta tre modifiche significative.<\/p>\n<p>In primo luogo il Codice aumenta il costo di servizio del visto Schengen da 60 a 80 Euro, con variazioni in caso di visto nazionale o di visti per minori da 6 a 12 anni.<\/p>\n<p>In secondo luogo esso impone il rispetto di condizioni progressive al rilascio di visti di lunga durata (Art. 24).<\/p>\n<p>In terzo luogo: la domanda di visto pu\u00f2 essere presentata fino a sei mesi e non oltre le due settimane prima della partenza.<\/p>\n<p>Secondo l\u2019Art. 24, \u00e8 possibile concedere \u201ca) un anno, purch\u00e9 il richiedente abbia ottenuto e usato legittimamente tre visti nei due anni precedenti; b) due anni, purch\u00e9 il richiedente abbia ottenuto e usato legittimamente un precedente visto per ingressi multipli della validit\u00e0 di un anno nei due anni precedenti; c) cinque anni, purch\u00e9 il richiedente abbia ottenuto e usato legittimamente un precedente visto per ingressi multipli della validit\u00e0 di due anni nei tre anni precedenti\u201d.<\/p>\n<p>Copia del Codice Visti pu\u00f2 essere consultata sul sito dell\u2019Unione Europea.<\/p>\n<p>&nbsp;<\/p>\n<p><strong>Presentazione della domanda<\/strong><\/p>\n<p>Per presentare domanda di visto Nazionale o Schengen \u00e8 possibile contattare la Societ\u00e0 \u201cTLScontact\u201d dal luned\u00ec al venerd\u00ec dalle ore 08:30 alle 15:00 (Tel.:\u00a0<strong>+<\/strong>961 1 977 033) oppure collegarsi direttamente al loro sito web\u00a0<a href=\"https:\/\/it.tlscontact.com\/lb\/BEY\/index.php\" target=\"_blank\" rel=\"noopener noreferrer\">https:\/\/it.tlscontact.com\/lb\/BEY\/index.php<\/a>\u00a0al fine di fissare un appuntamento (il servizio ha un costo aggiuntivo). Il sito della TLS riporta le informazioni aggiornate sui documenti necessari per l\u2019erogazione dei visti di tipo pi\u00f9 comune, come turismo ed affari.<\/p>\n<p>L\u2019ufficio visti dell\u2019Ambasciata d\u2019Italia in Beirut riceve richieste di informazioni tramite l\u2019indirizzo di posta elettronica visti.beirut@esteri.it. Si consiglia di scrivere all\u2019ufficio specificando correttamente nome, quesito, e numero di telefono. Ogni richiesta ricever\u00e0 una risposta automatica che preceder\u00e0 una risposta scritta o telefonica.<\/p>\n<p>Per sapere se avete bisogno di un visto, \u00e8 sufficiente rispondere a quattro semplici domande<\/p>\n<p>sul sito:\u00a0<a href=\"http:\/\/vistoperitalia.esteri.it\/home\/en#BMQuestionario\">http:\/\/vistoperitalia.esteri.it\/home\/en#BMQuestionario<\/a>.<\/p>\n","protected":false},"excerpt":{"rendered":"I visti Schengen e nazionali per l\u2019Italia. L\u2019Ambasciata d\u2019Italia a Beirut \u00e8 competente sui visti per i cittadini, legalmente residenti in Libano ed in Siria, che sono soggetti all\u2019obbligo di visto. Essa \u00e8 competente ad esprimersi sui visti Schengen (tipo C), destinati al breve soggiorno, e sui visti nazionali (tipo D) che abilitano alla richiesta [&hellip;]","protected":false},"author":1,"featured_media":0,"parent":15,"menu_order":2,"comment_status":"closed","ping_status":"closed","template":"","meta":{"footnotes":""},"class_list":["post-48","page","type-page","status-publish","hentry"],"_links":{"self":[{"href":"https:\/\/ambbeirut.esteri.it\/it\/wp-json\/wp\/v2\/pages\/48","targetHints":{"allow":["GET"]}}],"collection":[{"href":"https:\/\/ambbeirut.esteri.it\/it\/wp-json\/wp\/v2\/pages"}],"about":[{"href":"https:\/\/ambbeirut.esteri.it\/it\/wp-json\/wp\/v2\/types\/page"}],"author":[{"embeddable":true,"href":"https:\/\/ambbeirut.esteri.it\/it\/wp-json\/wp\/v2\/users\/1"}],"replies":[{"embeddable":true,"href":"https:\/\/ambbeirut.esteri.it\/it\/wp-json\/wp\/v2\/comments?post=48"}],"version-history":[{"count":2,"href":"https:\/\/ambbeirut.esteri.it\/it\/wp-json\/wp\/v2\/pages\/48\/revisions"}],"predecessor-version":[{"id":407,"href":"https:\/\/ambbeirut.esteri.it\/it\/wp-json\/wp\/v2\/pages\/48\/revisions\/407"}],"up":[{"embeddable":true,"href":"https:\/\/ambbeirut.esteri.it\/it\/wp-json\/wp\/v2\/pages\/15"}],"wp:attachment":[{"href":"https:\/\/ambbeirut.esteri.it\/it\/wp-json\/wp\/v2\/media?parent=48"}],"curies":[{"name":"wp","href":"https:\/\/api.w.org\/{rel}","templated":true}]}}