{"id":49,"date":"2023-04-11T18:13:11","date_gmt":"2023-04-11T16:13:11","guid":{"rendered":"https:\/\/ambasciatapraga.esteri.it\/?page_id=49"},"modified":"2026-04-01T13:24:25","modified_gmt":"2026-04-01T11:24:25","slug":"passaporti-e-carte-didentita","status":"publish","type":"page","link":"https:\/\/ambbeirut.esteri.it\/it\/servizi-consolari-e-visti\/servizi-per-il-cittadino-italiano\/passaporti-e-carte-didentita\/","title":{"rendered":"Passaporti e Carte d\u2019identit\u00e0"},"content":{"rendered":"<p style=\"text-align: justify;\"><strong><u>PASSAPORTI E CARTE D\u2019IDENTIT\u00c0<\/u><\/strong><\/p>\n<p style=\"text-align: justify;\">L\u2019Ufficio Consolare dell\u2019Ambasciata d\u2019Italia a Beirut pu\u00f2 rilasciare passaporti e carte di identit\u00e0 elettroniche. In caso di necessit\u00e0, \u00e8 possibile emettere documenti di viaggio provvisori (Emergency Travel Document-ETD).<\/p>\n<hr \/>\n<p style=\"text-align: justify;\"><strong><span style=\"text-decoration: underline;\">PASSAPORTO<\/span><\/strong><\/p>\n<p class=\"s5\" style=\"text-align: justify;\"><span class=\"s4\">Il passaporto \u00e8 un documento sia di viaggio sia di riconoscimento rilasciato:<\/span><\/p>\n<ul>\n<li><span class=\"s4\">in Italia dalle Questure;<\/span><\/li>\n<li><span style=\"text-align: justify;\">all\u2019estero dalle Rappresentanze diplomatico-consolari.<\/span><\/li>\n<\/ul>\n<p class=\"s5\" style=\"text-align: justify;\"><span class=\"s4\">Il possesso del passaporto \u00e8 indispensabile per entrare in Libano e risiedervi. Il passaporto deve avere una validit\u00e0 residua di almeno 6 mesi (ossia nel giorno della partenza per il Libano il passaporto deve ancora avere almeno 6 mesi di validit\u00e0).<\/span><\/p>\n<p class=\"s5\" style=\"text-align: justify;\"><span class=\"s4\">Per<\/span> <span class=\"s6\"><b>passaporto ordinario<\/b><\/span> <span class=\"s4\">si intende il passaporto elettronico costituito da un libretto di 48 pagine a modello unificato.<\/span><\/p>\n<p class=\"s5\" style=\"text-align: justify;\"><span class=\"s4\">La validit\u00e0 temporale del passaporto varia in base all\u2019et\u00e0 del titolare:<\/span><\/p>\n<ul>\n<li class=\"s11\" style=\"text-align: justify;\"><span class=\"s4\">per i minori di 3 anni la validit\u00e0 \u00e8 di\u00a0<\/span><span class=\"s6\" style=\"font-weight: bold;\">3 anni<\/span><span class=\"s4\">;<\/span><\/li>\n<li class=\"s11\" style=\"text-align: justify;\"><span class=\"s4\">per i minori dai 3 ai 18 anni la validit\u00e0 \u00e8 di <\/span><strong><span class=\"s6\">5 anni<\/span><\/strong><span class=\"s4\">;<\/span><\/li>\n<li class=\"s11\" style=\"text-align: justify;\"><span class=\"s4\">per i maggiorenni la validit\u00e0 \u00e8 di\u00a0<\/span><strong><span class=\"s6\">10 anni<\/span><\/strong><span class=\"s4\">.<\/span><\/li>\n<\/ul>\n<p class=\"s5\" style=\"text-align: justify;\"><span class=\"s4\">Alla scadenza della validit\u00e0, riportata all\u2019interno del documento,<\/span> <b><span class=\"s6\">si <\/span><span class=\"s6\">pu\u00f2 <\/span><span class=\"s6\">richiedere l\u2019emissione di un nuovo passaporto<\/span><\/b><span class=\"s4\">. \u00c8 possibile presentare domanda di passaporto a partire da sei mesi prima della scadenza prevista del documento. In particolari condizioni, come ad esempio il rinnovo del permesso di soggiorno libanese, \u00e8 possibile presentare domanda di passaporto anche prima dei sei mesi.<\/span><\/p>\n<p class=\"s5\" style=\"text-align: justify;\"><b><span class=\"s6\">I cittadini italiani residenti in Libano<\/span> <\/b><span class=\"s4\">(iscritti AIRE nella circoscrizione consolare di Beirut) possono richiedere il rilascio del passaporto <\/span><span class=\"s4\">presentandosi di persona <\/span><span class=\"s4\">per la rilevazione dei dati biometrici (foto, firma ed impronte digitali)<\/span><span class=\"s4\">.<\/span> <span class=\"s4\">\u00c8<\/span><span class=\"s4\"> necessario prendere appuntamento tramite la<\/span> <a href=\"https:\/\/prenotami.esteri.it\/\"><span class=\"s12\">piattaforma online <\/span><span class=\"s12\">prenot@mi<\/span><\/a><span class=\"s4\">.<\/span><\/p>\n<p class=\"s5\" style=\"text-align: justify;\"><span class=\"s4\">Anche<\/span><b> <span class=\"s6\">i cittadini italiani non residenti in<\/span> <span class=\"s6\">Libano<\/span> <\/b><span class=\"s4\">possono<\/span> <span class=\"s13\">eccezionalmente<\/span> <span class=\"s4\">richiedere il rilascio del passaporto, per giustificati e documentati motivi. In questo caso la Cancelleria Consolare deve richiedere le necessarie autorizzazioni all\u2019emissione del documento (<\/span><strong><span class=\"s6\">delega e nulla osta<\/span><\/strong><span class=\"s4\">) all\u2019Ufficio territorialmente competente (Questura o Ambasciata\/Consolato italiano nel Paese di residenza dell\u2019interessato) per cui i tempi di rilascio risultano pi\u00f9 lunghi.<\/span><\/p>\n<p class=\"s5\" style=\"text-align: justify;\"><span class=\"s6\"><b>Passaporto per maggiorenni<\/b><\/span><\/p>\n<p class=\"s5\" style=\"text-align: justify;\"><span class=\"s4\">Documentazione richiesta:<\/span><\/p>\n<ul>\n<li class=\"s16\" style=\"text-align: justify;\"><a href=\"https:\/\/ambbeirut.esteri.it\/wp-content\/uploads\/2025\/01\/BEIRUT-modulo_passaporto_maggiorenni-english.pdf\"><span class=\"s4\">formulario di richiesta<\/span><\/a><span class=\"s4\">;<\/span><\/li>\n<li><span class=\"s4\">passaporto precedente<\/span> <span class=\"s4\">o, se si tratta di primo passaporto, un<\/span> <span class=\"s4\">documento d\u2019identit\u00e0 italiano<\/span><span class=\"s4\">\u00a0(carta di identit\u00e0) o straniero (passaporto), munito di foto e firma. Se il passaporto \u00e8 stato smarrito\/rubato, il connazionale \u00e8 invitato a sporgere denuncia presso le Autorit\u00e0 di polizia libanesi nel luogo presunto di furto\/smarrimento del <\/span><\/li>\n<li><span class=\"s4\">Due<\/span><span class=\"s4\"> (<\/span><span class=\"s4\">2<\/span><span class=\"s4\">) fotografia <\/span><span class=\"s4\">conforme alle norme ICAO<\/span><span class=\"s4\">: <\/span><a style=\"text-align: justify;\" href=\"https:\/\/www.poliziadistato.it\/statics\/10\/fotografia_passaporto_web.pdf\"><span class=\"s7\">https:\/\/www.poliziadistato.it\/statics\/10\/fotografia_passaporto_web.pdf<\/span><\/a><\/li>\n<\/ul>\n<p style=\"text-align: justify;\"><strong>Passaporti e viaggi per minori<\/strong><\/p>\n<p style=\"text-align: justify;\">Vedi pagina \u2018<a href=\"https:\/\/ambbeirut.esteri.it\/ambasciata_beirut\/it\/informazioni_e_servizi\/servizi_consolari\/minori\" target=\"_blank\" rel=\"noopener\">Minori<\/a>\u2018<\/p>\n<p class=\"null1\" style=\"margin: 0cm;\">ATTENZIONE! Se si smarrisce o si subisce il furto del passaporto all\u2019estero, bisogna \u00a0presentare tempestiva\u00a0denuncia alle locali autorit\u00e0 di polizia.<\/p>\n<p class=\"null1\" style=\"margin: 0cm;\">In caso di impossibilit\u00e0 o di comprovata difficolt\u00e0 di presentare la denuncia alle locali autorit\u00e0 di polizia, pu\u00f2 essere resa una dichiarazione di furto o smarrimento all\u2019ufficio competente per il rilascio del passaporto.\u00a0Chi smarrisce o subisce il furto del passaporto e ha presentatola relativa denuncia pu\u00f2 presentare domanda di\u00a0rilascio di un nuovo passaporto.<\/p>\n<p>&nbsp;<\/p>\n<hr style=\"font-size: 16px; font-weight: 400;\" \/>\n<p style=\"text-align: justify;\"><strong><u>CARTA D\u2019IDENTIT\u00c0 ELETTRONICA (CIE)<\/u><\/strong><\/p>\n<p style=\"text-align: justify;\"><strong>CARATTERISTICHE E VALIDITA DELLA CIE<\/strong><\/p>\n<p style=\"text-align: justify;\"><strong>La carta d\u2019identit\u00e0 elettronica (CIE) \u00e8 un documento d\u2019identit\u00e0. <\/strong><\/p>\n<p style=\"text-align: justify;\">La CIE consente anche di viaggiare all\u2019interno dell\u2019Unione Europea, di recarsi in Stati che non fanno parte della UE ma aderiscono all\u2019accordo di Schengen (come ad es. Islanda, Norvegia e Svizzera) e in altri Stati con cui sono stati raggiunti accordi bilaterali (vedasi le singole \u201cschede Paese\u201d sul sito\u00a0<a href=\"http:\/\/www.viaggiaresicuri.it\/\" target=\"_blank\" rel=\"noopener\">www.viaggiaresicuri.it<\/a>\u00a0).<\/p>\n<p style=\"text-align: justify;\">La CIE consente inoltre di accedere ai<strong> servizi online delle Pubbliche Amministrazioni italiane<\/strong>, attraverso un codice rilasciato in fase di emissione.<\/p>\n<p style=\"text-align: justify;\">Come per il passaporto, anche per la CIE la\u00a0<strong>validit\u00e0 del documento<\/strong>\u00a0varia a seconda dell\u2019et\u00e0 del titolare:<\/p>\n<ul style=\"text-align: justify;\">\n<li><strong>3 anni<\/strong>di validit\u00e0 per i minori di et\u00e0 compresa tra 0 e 3 anni;<\/li>\n<li><strong>5 anni<\/strong>di validit\u00e0 per i minori di et\u00e0 compresa tra 3 e 18 anni;<\/li>\n<li><strong>10 anni<\/strong>di validit\u00e0 per i titolari che abbiano gi\u00e0 compiuto i 18 anni di et\u00e0 al momento della presentazione della domanda.<\/li>\n<\/ul>\n<p style=\"text-align: justify;\"><strong>REQUISITI PER LA DOMANDA DELLA CIE<\/strong><\/p>\n<p style=\"text-align: justify;\">\u00c8 possibile rilasciare la CIE <strong><u>solo ed esclusivamente<\/u><\/strong> a cittadini <strong><u>iscritti A.I.R.E. <\/u><\/strong>\u00a0presso questa Ambasciata.<\/p>\n<p style=\"text-align: justify;\">I cittadini non iscritti A.I.R.E. \u00a0dovranno innanzitutto regolarizzare la propria posizione anagrafica, tramite il portale\u00a0<a href=\"https:\/\/serviziconsolari.esteri.it\/ScoFE\/index.sco\" target=\"_blank\" rel=\"noopener\">FAST-IT,<\/a>\u00a0e poi attendere<u>\u00a0la conferma di avvenuta iscrizione A.I.R.E. da parte del Comune Italiano di ultima residenza.\u00a0 <\/u><\/p>\n<p style=\"text-align: justify;\">SI RICHIAMA L\u2019ATTENZIONE DEI CONNAZIONALI SULLA NECESSIT\u00c0 DI AVERE IL PROPRIO DOSSIER CONSOLARE AGGIORNATO PRIMA DI RICHIEDERE UNA CIE (indirizzo, stato civile, figli minori regolarmente iscritti all\u2019Anagrafe consolare). Le richieste di carta d\u2019identit\u00e0 elettronica<u> non<\/u> potranno in effetti essere evase se il dossier consolare del richiedente non risulta aggiornato. La mancata registrazione di eventuali figli minori o la mancata comunicazione via Fast-IT del cambio di indirizzo impediscono il rilascio della CIE<strong>. <\/strong><\/p>\n<p style=\"text-align: justify;\"><strong>Per i minori<\/strong>, i genitori potranno richiedere la CIE solo ad avvenuta<strong>\u00a0conclusione del procedimento di trascrizione dell\u2019atto di nascita e di iscrizione A.I.R.E. dei propri figli<\/strong>\u00a0<strong>ad opera del competente\u00a0<u>Comune italiano<\/u><\/strong>\u00a0(per informazioni sull\u2019iscrizione si rimanda alle pagine di questo sito dedicate a <strong>Stato Civile\u00a0<\/strong>e\u00a0<strong>A.I.R.E.<\/strong>).<\/p>\n<p style=\"text-align: justify;\"><strong>PROCEDURA<\/strong><\/p>\n<p style=\"text-align: justify;\">La richiesta della carta d\u2019identit\u00e0 elettronica pu\u00f2 essere presentata <u>unicamente<\/u> su appuntamento che il richiedente dovr\u00e0 fissare utilizzando la piattaforma\u00a0<a href=\"https:\/\/prenotami.esteri.it\/\" target=\"_blank\" rel=\"noopener\"><strong>PRENOT@MI<\/strong><\/a><strong>. <\/strong><\/p>\n<p style=\"text-align: justify;\"><strong>Qualora nessuna data risulti accessibile (in verde) per il servizio richiesto sar\u00e0 necessario attendere il giorno successivo: le disponibilit\u00e0 del calendario vengono infatti aggiornate in maniera automatica giorno dopo giorno. <\/strong><\/p>\n<p style=\"text-align: justify;\">Salvo diversa comunicazione da parte del competente Ufficio consolare, ci si dovr\u00e0 presentare allo sportello preposto il giorno dell\u2019appuntamento, all\u2019ora prefissata, muniti di:<\/p>\n<ul style=\"text-align: justify;\">\n<li>copia del passaporto italiano;<\/li>\n<li>copia del documento di identit\u00e0 libanese (documento di soggiorno se solo cittadino italiano);<\/li>\n<li>foto-tessera a colori (recente, su sfondo uniforme e con espressione neutra);<\/li>\n<li>Formulario di domanda compilato e firmato.<\/li>\n<\/ul>\n<p style=\"text-align: justify;\">Per i minori \u00e8 richiesta la presenza di entrambi i genitori.<\/p>\n<p style=\"text-align: justify;\">Il giorno dell\u2019appuntamento l\u2019operatore consolare acquisisce la documentazione indicata al punto precedente, effettua il riconoscimento del richiedente, verificandone anche la foto-tessera, e procede alla rilevazione delle impronte digitali e della firma (tale rilevazione non \u00e8 prevista per i minori di anni 12). In tale circostanza fornisce anche la prima parte dei codici per l\u2019accesso ai servizi digitali della Pubblica Amministrazione.<\/p>\n<p style=\"text-align: justify;\">L\u2019invio in produzione della CIE avviene ad opera dell\u2019Ufficio consolare, una volta presentata correttamente l\u2019istanza e ricevute tutte le necessarie autorizzazioni.<\/p>\n<p style=\"text-align: justify;\">La CIE \u00e8 emessa direttamente dal Ministero dell\u2019Interno, tramite i servizi dell\u2019Istituto Poligrafico e Zecca dello Stato che ne cura il recapito all\u2019Ambasciata nell\u2019arco di<strong> 5 settimane<\/strong>\u00a0circa a decorrere dal momento della presentazione dell\u2019istanza presso l\u2019ufficio consolare, unitamente alla seconda parte dei codici per l\u2019accesso ai servizi digitali della Pubblica Amministrazione.<\/p>\n<p style=\"text-align: justify;\">Sar\u00e0 poi cura dell\u2019Ufficio consolare contattare i richiedenti per comunare l\u2019avvenuta ricezione della CIE. Successivamente, sempre tramite la piattaforma PRENOTAMI <a href=\"https:\/\/prenotami.esteri.it\" target=\"_blank\" rel=\"noopener\">https:\/\/prenotami.esteri.it<\/a>, richiedenti potranno prenotare sull\u2019apposito slot CIE un appuntamento per il ritiro.<\/p>\n<p style=\"text-align: justify;\"><strong>FORMULARI DI DOMANDA<\/strong><\/p>\n<p style=\"text-align: justify;\"><a href=\"https:\/\/ambbeirut.esteri.it\/wp-content\/uploads\/2024\/06\/Modello_richiesta_CIE_minori_-2024.docx\" target=\"_blank\" rel=\"noopener\">Richiesta per minorenni<\/a> \u00a0\u00a0\u00a0\u00a0\u00a0<a href=\"https:\/\/ambbeirut.esteri.it\/wp-content\/uploads\/2024\/06\/Modello-_richiesta-CIE-maggiorenne_-2024-002.docx\" target=\"_blank\" rel=\"noopener\">Richiesta per maggiorenni<\/a><\/p>\n<p style=\"text-align: justify;\"><a href=\"https:\/\/ambbeirut.esteri.it\/wp-content\/uploads\/2024\/06\/CIE-consolato-stampa.pdf\" target=\"_blank\" rel=\"noopener\">CIE<\/a><\/p>\n","protected":false},"excerpt":{"rendered":"PASSAPORTI E CARTE D\u2019IDENTIT\u00c0 L\u2019Ufficio Consolare dell\u2019Ambasciata d\u2019Italia a Beirut pu\u00f2 rilasciare passaporti e carte di identit\u00e0 elettroniche. In caso di necessit\u00e0, \u00e8 possibile emettere documenti di viaggio provvisori (Emergency Travel Document-ETD). PASSAPORTO Il passaporto \u00e8 un documento sia di viaggio sia di riconoscimento rilasciato: in Italia dalle Questure; all\u2019estero dalle Rappresentanze diplomatico-consolari. Il possesso [&hellip;]","protected":false},"author":1,"featured_media":0,"parent":47,"menu_order":1,"comment_status":"closed","ping_status":"closed","template":"","meta":{"footnotes":""},"class_list":["post-49","page","type-page","status-publish","hentry"],"_links":{"self":[{"href":"https:\/\/ambbeirut.esteri.it\/it\/wp-json\/wp\/v2\/pages\/49","targetHints":{"allow":["GET"]}}],"collection":[{"href":"https:\/\/ambbeirut.esteri.it\/it\/wp-json\/wp\/v2\/pages"}],"about":[{"href":"https:\/\/ambbeirut.esteri.it\/it\/wp-json\/wp\/v2\/types\/page"}],"author":[{"embeddable":true,"href":"https:\/\/ambbeirut.esteri.it\/it\/wp-json\/wp\/v2\/users\/1"}],"replies":[{"embeddable":true,"href":"https:\/\/ambbeirut.esteri.it\/it\/wp-json\/wp\/v2\/comments?post=49"}],"version-history":[{"count":7,"href":"https:\/\/ambbeirut.esteri.it\/it\/wp-json\/wp\/v2\/pages\/49\/revisions"}],"predecessor-version":[{"id":5405,"href":"https:\/\/ambbeirut.esteri.it\/it\/wp-json\/wp\/v2\/pages\/49\/revisions\/5405"}],"up":[{"embeddable":true,"href":"https:\/\/ambbeirut.esteri.it\/it\/wp-json\/wp\/v2\/pages\/47"}],"wp:attachment":[{"href":"https:\/\/ambbeirut.esteri.it\/it\/wp-json\/wp\/v2\/media?parent=49"}],"curies":[{"name":"wp","href":"https:\/\/api.w.org\/{rel}","templated":true}]}}