{"id":4951,"date":"2025-11-07T12:12:42","date_gmt":"2025-11-07T11:12:42","guid":{"rendered":"https:\/\/ambbeirut.esteri.it\/?page_id=4951"},"modified":"2025-11-07T12:12:42","modified_gmt":"2025-11-07T11:12:42","slug":"festivita-2026","status":"publish","type":"page","link":"https:\/\/ambbeirut.esteri.it\/it\/chi-siamo\/la-sede\/festivita-2026\/","title":{"rendered":"Festivit\u00e0 2026"},"content":{"rendered":"<p>Durante l&#8217;anno 2026 l&#8217;Ambasciata osserver\u00e0 il seguente calendario di festivit\u00e0:<\/p>\n<p>&nbsp;<\/p>\n<p>1 Gennaio 2026\u00a0 (Capodanno)<\/p>\n<p>20 Marzo (Eid el Fitr)<\/p>\n<p>6 Aprile (Luned\u00ec dell\u2019Angelo)<\/p>\n<p>25 Aprile (Festa della Liberazione)<\/p>\n<p>1 Maggio (Festa del Lavoro)<\/p>\n<p>27 Maggio (Eid al Adha)<\/p>\n<p>2 Giugno (Festa Nazionale della Repubblica)<\/p>\n<p>1 Novembre (Ognissanti)<\/p>\n<p>22 Novembre (Festa dell&#8217;Indipendenza Libanese)<\/p>\n<p>25 Dicembre (Natale)<\/p>\n<p>26 Dicembre (Santo Stefano)<\/p>\n","protected":false},"excerpt":{"rendered":"Durante l&#8217;anno 2026 l&#8217;Ambasciata osserver\u00e0 il seguente calendario di festivit\u00e0: &nbsp; 1 Gennaio 2026\u00a0 (Capodanno) 20 Marzo (Eid el Fitr) 6 Aprile (Luned\u00ec dell\u2019Angelo) 25 Aprile (Festa della Liberazione) 1 Maggio (Festa del Lavoro) 27 Maggio (Eid al Adha) 2 Giugno (Festa Nazionale della Repubblica) 1 Novembre (Ognissanti) 22 Novembre (Festa dell&#8217;Indipendenza Libanese) 25 Dicembre [&hellip;]","protected":false},"author":5,"featured_media":0,"parent":39,"menu_order":1,"comment_status":"closed","ping_status":"closed","template":"","meta":{"footnotes":""},"class_list":["post-4951","page","type-page","status-publish","hentry"],"_links":{"self":[{"href":"https:\/\/ambbeirut.esteri.it\/it\/wp-json\/wp\/v2\/pages\/4951","targetHints":{"allow":["GET"]}}],"collection":[{"href":"https:\/\/ambbeirut.esteri.it\/it\/wp-json\/wp\/v2\/pages"}],"about":[{"href":"https:\/\/ambbeirut.esteri.it\/it\/wp-json\/wp\/v2\/types\/page"}],"author":[{"embeddable":true,"href":"https:\/\/ambbeirut.esteri.it\/it\/wp-json\/wp\/v2\/users\/5"}],"replies":[{"embeddable":true,"href":"https:\/\/ambbeirut.esteri.it\/it\/wp-json\/wp\/v2\/comments?post=4951"}],"version-history":[{"count":1,"href":"https:\/\/ambbeirut.esteri.it\/it\/wp-json\/wp\/v2\/pages\/4951\/revisions"}],"predecessor-version":[{"id":4954,"href":"https:\/\/ambbeirut.esteri.it\/it\/wp-json\/wp\/v2\/pages\/4951\/revisions\/4954"}],"up":[{"embeddable":true,"href":"https:\/\/ambbeirut.esteri.it\/it\/wp-json\/wp\/v2\/pages\/39"}],"wp:attachment":[{"href":"https:\/\/ambbeirut.esteri.it\/it\/wp-json\/wp\/v2\/media?parent=4951"}],"curies":[{"name":"wp","href":"https:\/\/api.w.org\/{rel}","templated":true}]}}