{"id":5392,"date":"2026-03-31T15:52:54","date_gmt":"2026-03-31T13:52:54","guid":{"rendered":"https:\/\/ambbeirut.esteri.it\/?page_id=5392"},"modified":"2026-03-31T15:52:54","modified_gmt":"2026-03-31T13:52:54","slug":"fast-it","status":"publish","type":"page","link":"https:\/\/ambbeirut.esteri.it\/it\/servizi-consolari-e-visti\/servizi-per-il-cittadino-italiano\/anagrafe-italiani-residenti-allestero-a-i-r-e\/fast-it\/","title":{"rendered":"Fast-IT"},"content":{"rendered":"<p><strong>Cos\u2019\u00e8 FAST IT?<\/strong><\/p>\n<p>Il portale Fast IT (Farnesina Servizi Telematici per Italiani all\u2019Estero) \u00e8 un portale dedicato ai cittadini italiani residenti all\u2019estero e attivo su tutta la rete consolare del Ministero.<\/p>\n<p>Il portale \u201c<a href=\"https:\/\/serviziconsolari.esteri.it\/home\" target=\"_blank\" rel=\"noopener\">FAST IT<\/a>\u201d permette una <strong>rapida e autonoma gestione della propria iscrizione all\u2019AIRE<\/strong>, consentendo anche l\u2019aggiornamento dei dati. Il portale permette di gestire la propria posizione senza doversi recare in Consolato. Se ne raccomanda pertanto l\u2019utilizzo come modalit\u00e0 principale di gestione della propria iscrizione e per l\u2019aggiornamento dei propri dati.<\/p>\n<p>L\u2019impiego di Fast IT consente di ridurre il margine di errore negli schedari consolari, migliorando l\u2019interazione con gli utenti. Inoltre, il servizio pu\u00f2 essere utilizzato efficacemente anche da smartphone e da altri dispositivi mobili.<\/p>\n<p><strong>Quali servizi mi consente di ottenere il portale FAST IT?<\/strong><\/p>\n<p>Sul portale FAST IT \u00e8 possibile:<\/p>\n<ul>\n<li>chiedere l\u2019iscrizione all\u2019Anagrafe degli Italiani Residenti all\u2019Estero;<\/li>\n<li>se gi\u00e0 iscritto all\u2019A.I.R.E., verificare i propri dati di residenza;<\/li>\n<li>comunicare il cambio di residenza all\u2019interno della stessa circoscrizione consolare;<\/li>\n<li>comunicare il cambio di residenza ad altra circoscrizione consolare e\/o ad altro Paese.<\/li>\n<\/ul>\n<p><strong>Istruzioni tecniche per l\u2019accesso al <\/strong><a href=\"https:\/\/serviziconsolari.esteri.it\/home\" target=\"_blank\" rel=\"noopener\"><strong>portale FAST IT<\/strong><\/a><\/p>\n<p><strong>Iscrizione all\u2019AIRE<\/strong><\/p>\n<p><strong>1 \u2013 Se non ci si \u00e8 mai iscritti al Portale FAST IT, sar\u00e0 sufficiente seguire le istruzioni qui di seguito indicate:<\/strong><\/p>\n<p><strong>PRIMO PASSO: Registrati<\/strong><\/p>\n<p>Si dovr\u00e0 confermare il possesso della cittadinanza italiana.<\/p>\n<p>Sar\u00e0 necessario indicare un indirizzo mail e una password (da un minimo di 8 caratteri ad un massimo di 16, perlomeno una lettera maiuscola, un numero e un carattere speciale).<\/p>\n<p><strong>SECONDO PASSO: Attiva l\u2019account<\/strong><\/p>\n<p>Si ricever\u00e0 una mail all\u2019indirizzo indicato, chiedendo di attivare l\u2019account (cliccare sul link di ATTIVAZIONE UTENZA).<\/p>\n<p>Qualora l\u2019account non sia attivato entro 72 ore, dovr\u00e0 essere richiesto un nuovo codice di attivazione (INVIO NUOVO CODICE DI ATTIVAZIONE).<\/p>\n<p>Si prega di prestare attenzione al fatto che la mail potrebbe essere spostata nella casella di SPAM del proprio account di posta elettronica.<\/p>\n<p><strong>TERZO PASSO: Compila la richiesta<\/strong><\/p>\n<p>Dopo aver attivato l\u2019account, si dovr\u00e0 accedere al sistema per compilare la richiesta di iscrizione AIRE on line, allegando i documenti indicati nella pagina relativa all\u2019Iscrizione AIRE.<\/p>\n<p>\u2014\u2014\u2014\u2014\u2014\u2014\u2014\u2014\u2014\u2014\u2014\u2014\u2014\u2014\u2014\u2014\u2014\u2014\u2014\u2014\u2014-<\/p>\n<p><strong>CONSIGLI UTILI PER USARE LA PIATTAFORMA FAST IT<\/strong><\/p>\n<ul>\n<li>\u00e8 necessario disporre di stampante e scanner (evitare scansioni a colori o fotografie, solo scansioni in \u201cbianco e nero\u201d);<\/li>\n<li>Non vanno inseriti nel portale documenti d\u2019identit\u00e0 scaduti;<\/li>\n<li>per la firma del modulo generato dal sistema esistono due possibilit\u00e0:\n<ul>\n<li>stampare la domanda, firmarla a penna e fare la scansione;<\/li>\n<li>firmare il file PDF con la propria firma digitale, senza stamparlo (per informazioni su come firmare digitalmente un documento: <a href=\"https:\/\/www.agid.gov.it\" target=\"_blank\" rel=\"noopener\"><strong>https:\/\/www.agid.gov.it<\/strong><\/a><strong>)<\/strong><\/li>\n<\/ul>\n<\/li>\n<li>documenti d\u2019identit\u00e0: scansione del documento d\u2019identit\u00e0 italiano (passaporto, incluse le pagine con foto, firma e dati anagrafici (pag. 2 e 3) e pagina in cui figura l\u2019Autorit\u00e0 che ha rilasciato il documento (pag. 4 e 5)) e, in caso di familiari conviventi, dei loro documenti (fotocopia dei documenti d\u2019identit\u00e0 italiani e scansione del passaporto di tutti i componenti del nucleo familiare che sono residenti all\u2019estero e che vivono nella stessa abitazione; in caso di coniuge straniero copia del passaporto nazionale; in caso di iscrizione di soli figli minori si raccomanda di caricare i documenti di riconoscimento di entrambi i genitori;<\/li>\n<li>prova di residenza: scansione di un documento comprovante la residenza nella circoscrizione consolare \u2013 certificato di residenza (<em>Ifedet sakan<\/em>) rilasciato dall\u2019autorit\u00e0 locale (Moukhtar) i cui figurino i nominativi di tutti i componenti del nucleo familiare che vivono nella stessa abitazione;<\/li>\n<li>quando si \u00e8 in possesso dei tre file diversi (domanda, documenti e prova di residenza \u2013 dimensioni massime 1 MB) bisogna tornare sulla pagina di richiesta del servizio per concludere, utilizzando l\u2019icona\u00a0<strong>\u201cInviare la richiesta<\/strong>\u201c;<\/li>\n<li>se l\u2019utente ha gi\u00e0 aperto un\u2019utenza FAST IT presso un altro Ufficio Consolare, prima di fare l\u2019iscrizione \u00e8 necessario spostare il suo account personale con la funzione\u00a0<strong>\u201cCambio Sede\u201d<\/strong>portando la propria utenza su\u00a0<strong>\u201cLibano &gt; Beirut\u201d<\/strong><\/li>\n<\/ul>\n<p>I connazionali\u00a0<strong>che non sono ancora in possesso di un documento d\u2019identit\u00e0 italiano<\/strong>\u00a0possono presentare un documento d\u2019identit\u00e0 straniero e una copia dell\u2019atto di nascita\u00a0<strong>trascritto\/rilasciato<\/strong>\u00a0dal Comune italiano di riferimento.<\/p>\n<p>I connazionali residenti nella circoscrizione consolare che hanno subito il furto\/smarrimento del proprio documento d\u2019identit\u00e0 possono presentare copia della denuncia sporta alle Autorit\u00e0 di Polizia locali (competenti nel luogo dove si presume sia avvenuto il furto\/smarrimento) e \u2013 se in loro possesso \u2013 una fotocopia del documento italiano rubato\/smarrito. In ogni caso \u00e8 necessario presentare anche la prova di residenza nella circoscrizione consolare di competenza e\/o qualsiasi altro documento di identificazione.<\/p>\n<p>\u2014\u2014\u2014\u2014\u2014\u2014\u2014\u2014\u2014\u2014\u2014\u2014\u2014\u2014\u2014\u2014\u2014\u2014\u2014\u2014\u2014-<\/p>\n<p><strong>Cambio di indirizzo all\u2019interno della Circoscrizione Consolare del Libano<\/strong><\/p>\n<p>Se ci si era iscritti all\u2019AIRE tramite FAST-IT, si \u00e8 gi\u00e0 autenticati nella piattaforma ed \u00e8 possibile visualizzare la propria scheda anagrafica e richiedere il cambio di indirizzo nella stessa Circoscrizione Consolare.<\/p>\n<p>La procedura per il Cambio indirizzo avverr\u00e0 sulla piattaforma FAST-IT, selezionando la voce\u00a0<strong>\u201cComunicare la variazione della propria residenza\u201d.<\/strong><\/p>\n<p>La piattaforma guider\u00e0 l\u2019utente in maniera intuitiva in modo da concludere con successo l\u2019autenticazione e l\u2019utente ne verr\u00e0 informato via e-mail.<\/p>\n<p><strong>ATTENZIONE<\/strong>! Sulla piattaforma FAST IT \u00e8 possibile consultare le <a href=\"https:\/\/serviziconsolari.esteri.it\/home\/faq\" target=\"_blank\" rel=\"noopener\">FAQ<\/a> che ne facilitano la navigazione.<\/p>\n","protected":false},"excerpt":{"rendered":"Cos\u2019\u00e8 FAST IT? Il portale Fast IT (Farnesina Servizi Telematici per Italiani all\u2019Estero) \u00e8 un portale dedicato ai cittadini italiani residenti all\u2019estero e attivo su tutta la rete consolare del Ministero. Il portale \u201cFAST IT\u201d permette una rapida e autonoma gestione della propria iscrizione all\u2019AIRE, consentendo anche l\u2019aggiornamento dei dati. Il portale permette di gestire [&hellip;]","protected":false},"author":5,"featured_media":0,"parent":310,"menu_order":0,"comment_status":"closed","ping_status":"closed","template":"","meta":{"footnotes":""},"class_list":["post-5392","page","type-page","status-publish","hentry"],"_links":{"self":[{"href":"https:\/\/ambbeirut.esteri.it\/it\/wp-json\/wp\/v2\/pages\/5392","targetHints":{"allow":["GET"]}}],"collection":[{"href":"https:\/\/ambbeirut.esteri.it\/it\/wp-json\/wp\/v2\/pages"}],"about":[{"href":"https:\/\/ambbeirut.esteri.it\/it\/wp-json\/wp\/v2\/types\/page"}],"author":[{"embeddable":true,"href":"https:\/\/ambbeirut.esteri.it\/it\/wp-json\/wp\/v2\/users\/5"}],"replies":[{"embeddable":true,"href":"https:\/\/ambbeirut.esteri.it\/it\/wp-json\/wp\/v2\/comments?post=5392"}],"version-history":[{"count":2,"href":"https:\/\/ambbeirut.esteri.it\/it\/wp-json\/wp\/v2\/pages\/5392\/revisions"}],"predecessor-version":[{"id":5429,"href":"https:\/\/ambbeirut.esteri.it\/it\/wp-json\/wp\/v2\/pages\/5392\/revisions\/5429"}],"up":[{"embeddable":true,"href":"https:\/\/ambbeirut.esteri.it\/it\/wp-json\/wp\/v2\/pages\/310"}],"wp:attachment":[{"href":"https:\/\/ambbeirut.esteri.it\/it\/wp-json\/wp\/v2\/media?parent=5392"}],"curies":[{"name":"wp","href":"https:\/\/api.w.org\/{rel}","templated":true}]}}