{"id":67,"date":"2023-04-11T18:17:44","date_gmt":"2023-04-11T16:17:44","guid":{"rendered":"https:\/\/ambasciatapraga.esteri.it\/?page_id=67"},"modified":"2025-12-16T16:36:53","modified_gmt":"2025-12-16T15:36:53","slug":"emergency-travel-documents-etd","status":"publish","type":"page","link":"https:\/\/ambbeirut.esteri.it\/it\/servizi-consolari-e-visti\/servizi-per-il-cittadino-italiano\/emergency-travel-documents-etd\/","title":{"rendered":"Emergency Travel Documents (ETD)"},"content":{"rendered":"<p style=\"text-align: justify;\">A chi perde o subisce il furto del passaporto e deve fare rientro in Italia, l\u2019Ufficio Consolare pu\u00f2 rilasciare un documento di viaggio provvisorio chiamato E.T.D. (Emergency Travel Document).\u00a0\u00c8 un documento valido per un solo viaggio di rientro in Italia o verso lo Stato di residenza permanente o, eccezionalmente, verso un\u2019altra destinazione. Si rammenta che in area Schengen, nell\u2019ambito delle proprie politiche commerciali, alcune compagnie aeree potrebbero consentire l\u2019imbarco previa esibizione della denuncia di furto o smarrimento resa presso le autorit\u00e0 di polizia locali.<\/p>\n<p style=\"text-align: justify;\">Per ottenere il documento di viaggio provvisorio occorre presentare presso la cancelleria consolare dell\u2019Ambasciata:<\/p>\n<ul style=\"text-align: justify;\">\n<li>La domanda di EU ETD \u00e8 presentata mediante apposito <a href=\"https:\/\/ambbeirut.esteri.it\/wp-content\/uploads\/2025\/12\/Formulario-ETD-3.pdf\">modulo<\/a> (in allegato), e deve essere corredata da:<\/li>\n<li>Denuncia di furto o di smarrimento del passaporto emesso dalla Polizia libanese (Forze di Sicurezza Interna), <a href=\"https:\/\/ambbeirut.esteri.it\/it\/servizi-consolari-e-visti\/servizi-per-il-cittadino-straniero\/traduzione-e-legalizzazione-dei-documenti\/\">legalizzato e tradotto<\/a>\u00a0accompagnata dalla fotocopia del passaporto smarrito e\/o altro documento di identit\u00e0;<\/li>\n<li>Denuncia di smarrimento o furto del passaporto, resa al Consolato ai sensi degli articoli 46 e 47 e con le avvertenze di cui all\u2019art. 76 del D.P.R. 445\/2000 (<a href=\"https:\/\/ambbeirut.esteri.it\/wp-content\/uploads\/2025\/12\/Domanda-Denuncia-ETD.docx\">Formulario<\/a>).<\/li>\n<li>Il titolo di viaggio, ove possibile.<\/li>\n<li style=\"text-align: left;\">Una (1) fotografia secondo le linee guida ICAO. <a href=\"https:\/\/www.poliziadistato.it\/statics\/10\/fotografia_passaporto_web.pdf\">https:\/\/www.poliziadistato.it\/statics\/10\/fotografia_passaporto_web.pdf<\/a><\/li>\n<\/ul>\n<p style=\"text-align: justify;\"><strong>Una volta ottenuto il nuovo documento di viaggio, il titolare dovr\u00e0 presentarsi presso l\u2019Ufficio Immigrazione (Direction G\u00e9n\u00e9rale de la S\u00fbret\u00e9 G\u00e9n\u00e9rale) per l\u2019apposizione di un timbro che autorizza l\u2019uscita dal Paese.<\/strong><\/p>\n<p style=\"text-align: justify;\">Si rammenta che, ai sensi della normativa vigente, l&#8217;EU ETD ha una validit\u00e0 pari alla durata del viaggio per il quale \u00e8 stato rilasciato, per un massimo di quindici giorni con <u>l\u2019obbligo in capo al beneficiario di consegnare, una volta giunto a destinazione, il documento alla polizia di frontiera o ad altro posto di polizia<\/u>, indipendentemente dalla validit\u00e0 residua.<\/p>\n<p>&nbsp;<\/p>\n","protected":false},"excerpt":{"rendered":"A chi perde o subisce il furto del passaporto e deve fare rientro in Italia, l\u2019Ufficio Consolare pu\u00f2 rilasciare un documento di viaggio provvisorio chiamato E.T.D. (Emergency Travel Document).\u00a0\u00c8 un documento valido per un solo viaggio di rientro in Italia o verso lo Stato di residenza permanente o, eccezionalmente, verso un\u2019altra destinazione. Si rammenta che [&hellip;]","protected":false},"author":1,"featured_media":0,"parent":47,"menu_order":2,"comment_status":"closed","ping_status":"closed","template":"","meta":{"footnotes":""},"class_list":["post-67","page","type-page","status-publish","hentry"],"_links":{"self":[{"href":"https:\/\/ambbeirut.esteri.it\/it\/wp-json\/wp\/v2\/pages\/67","targetHints":{"allow":["GET"]}}],"collection":[{"href":"https:\/\/ambbeirut.esteri.it\/it\/wp-json\/wp\/v2\/pages"}],"about":[{"href":"https:\/\/ambbeirut.esteri.it\/it\/wp-json\/wp\/v2\/types\/page"}],"author":[{"embeddable":true,"href":"https:\/\/ambbeirut.esteri.it\/it\/wp-json\/wp\/v2\/users\/1"}],"replies":[{"embeddable":true,"href":"https:\/\/ambbeirut.esteri.it\/it\/wp-json\/wp\/v2\/comments?post=67"}],"version-history":[{"count":6,"href":"https:\/\/ambbeirut.esteri.it\/it\/wp-json\/wp\/v2\/pages\/67\/revisions"}],"predecessor-version":[{"id":5115,"href":"https:\/\/ambbeirut.esteri.it\/it\/wp-json\/wp\/v2\/pages\/67\/revisions\/5115"}],"up":[{"embeddable":true,"href":"https:\/\/ambbeirut.esteri.it\/it\/wp-json\/wp\/v2\/pages\/47"}],"wp:attachment":[{"href":"https:\/\/ambbeirut.esteri.it\/it\/wp-json\/wp\/v2\/media?parent=67"}],"curies":[{"name":"wp","href":"https:\/\/api.w.org\/{rel}","templated":true}]}}