{"id":89,"date":"2023-04-11T18:22:07","date_gmt":"2023-04-11T16:22:07","guid":{"rendered":"https:\/\/ambasciatapraga.esteri.it\/?page_id=89"},"modified":"2025-05-19T09:37:43","modified_gmt":"2025-05-19T07:37:43","slug":"visti","status":"publish","type":"page","link":"https:\/\/ambbeirut.esteri.it\/it\/servizi-consolari-e-visti\/servizi-per-il-cittadino-straniero\/visti\/","title":{"rendered":"Visti"},"content":{"rendered":"<p>L&#8217;Ambasciata d&#8217;Italia a Beirut si occupa delle domande di visto dei cittadini <strong><u>legalmente residenti in Libano e Siria<\/u><\/strong>, soggetti all&#8217;obbligo di visto. \u00c8 competente per il rilascio di:<\/p>\n<ul>\n<li>Visti Schengen (tipo C) per soggiorni di breve durata <strong><u>(in Italia e a Malta)<\/u><\/strong>;<\/li>\n<li>Visti nazionali (tipo D) che consentono agli stranieri di richiedere il permesso di soggiorno in Italia.<\/li>\n<\/ul>\n<p>Per scoprire se \u00e8 necessario un visto, \u00e8 possibile ottenere informazioni rispondendo a quattro semplici domande sul sito web <a href=\"https:\/\/vistoperitalia.esteri.it\/home\/it\">Visto per l&#8217;Italia<\/a>.<\/p>\n<p><strong>\u00a0<\/strong><\/p>\n<p><strong>Presentazione della domanda di visto<\/strong><\/p>\n<p><strong><u>Dove?<\/u><\/strong><\/p>\n<ul>\n<li>I richiedenti devono presentare la domanda di visto <strong>nel proprio paese di residenza<\/strong>.<\/li>\n<li>Per quanto riguarda il visto Schengen, i richiedenti devono presentare la domanda presso lo <strong>Stato europeo che costituisce l&#8217;unica o principale destinazione del viaggio<\/strong>.<\/li>\n<\/ul>\n<p><strong><u>Come?<\/u><\/strong><\/p>\n<ul>\n<li><strong>Se si necessita di un visto per l&#8217;Italia e si \u00e8 residenti in Libano o Siria,<\/strong> \u00e8 necessario richiedere un visto nazionale o Schengen tramite il sito web <a href=\"https:\/\/it.tlscontact.com\/lb\/BEY\/index.php\">TLScontact<\/a>.<\/li>\n<li>Per ulteriori informazioni, \u00e8 possibile contattare il call center TLS dal luned\u00ec al venerd\u00ec, dalle 8:30 alle 15:00, al numero +961 1 977 033.<\/li>\n<li>Si prega di notare che la concessione o il rifiuto del visto \u00e8 a sola discrezione dell&#8217;Ambasciata e che <u>l\u2019agenzia TLS non \u00e8 in alcun modo coinvolta nel processo decisionale<\/u>.<\/li>\n<\/ul>\n<p><strong><u>Quando?<\/u><\/strong><\/p>\n<ul>\n<li>La domanda deve essere presentata <u>almeno 15 giorni<\/u> prima della data di viaggio prevista. La procedura per i cittadini libanesi e siriani richiede fino a due settimane, a causa dei tempi tecnici della consultazione Schengen.<\/li>\n<\/ul>\n<p><strong><u>Quali sono i tipi di visto disponibili per l&#8217;Italia?<\/u><\/strong><\/p>\n<ul>\n<li>Il sito web dell\u2019agenzia TLS contiene le informazioni su tutti i <a href=\"https:\/\/it.tlscontact.com\/lb\/BEY\/page.php?pid=travel_purpose\">diversi tipi di visto<\/a> per l&#8217;Italia e l&#8217;elenco dei documenti necessari, costantemente aggiornato dall&#8217;Ambasciata.<\/li>\n<li>Prima di presentare la domanda di visto, <strong><u>si prega di verificare se la tipologia di visto richiesta \u00e8 corretta e che si dispone di tutti i documenti necessari<\/u><\/strong>. Una domanda priva della documentazione completa richiesta potrebbe comportare il rifiuto del visto.<\/li>\n<\/ul>\n<p>Per i Visti Schengen, \u00e8 anche <a href=\"https:\/\/home-affairs.ec.europa.eu\/document\/download\/2618391e-a001-45b3-80fc-21309482941a_en\">disponibile l\u2019elenco dei documenti giustificativi<\/a> da presentare dai richiedenti in Libano per visti di breve soggiorno consolidata a livello UE.<\/p>\n<ul>\n<li>Si prega di notare che dal 1\u00b0 giugno 2024, ai familiari stranieri di cittadini italiani\/UE che si recano in Italia <a href=\"https:\/\/ambbeirut.esteri.it\/en\/news\/dall_ambasciata\/2024\/05\/reintroduction-of-the-national-visa-for-family-reasons\/\">per ricongiungimento familiare verr\u00e0 rilasciato un visto nazionale (D) per motivi familiari<\/a>, se i requisiti sono soddisfatti.<\/li>\n<\/ul>\n<p><strong><u>Qual \u00e8 il costo?<\/u><\/strong><\/p>\n<ul>\n<li>Le tariffe aggiornate per i visti sono disponibili <a href=\"https:\/\/ambbeirut.esteri.it\/it\/servizi-consolari-e-visti\/servizi-per-il-cittadino-straniero\/visti\/tariffario-visti\/\">qui<\/a>.<\/li>\n<li>Il <a href=\"https:\/\/it.tlscontact.com\/lb\/bey\/page.php?pid=application_fees\">costo del servizio<\/a> TLS e dei <a href=\"https:\/\/it.tlscontact.com\/lb\/bey\/page.php?pid=added_value_services\">servizi opzionali <\/a>sono indicati sul loro sito web. Si prega di notare che l&#8217;utilizzo dei servizi opzionali <strong><u>NON <\/u><\/strong>d\u00e0 diritto all&#8217;ottenimento del visto n\u00e9 all&#8217;accelerazione della lavorazione della pratica da parte dell&#8217;Ambasciata.<\/li>\n<\/ul>\n<p><strong><u>Qual \u00e8 la validit\u00e0 del mio visto?<\/u><\/strong><\/p>\n<p>Le vignette di visto specificano le seguenti informazioni:<\/p>\n<ul>\n<li><u>Numero di ingressi<\/u>: pu\u00f2 essere 1, 2 o multiplo<\/li>\n<li><u>Durata<\/u>: la durata massima per i visti Schengen C \u00e8 di 90 giorni ogni 180 giorni.<\/li>\n<li><u>Validit\u00e0<\/u>: il periodo (fino a un massimo di 5 anni) durante il quale il visto pu\u00f2 essere utilizzato nel rispetto della durata fissata. Il superamento della validit\u00e0 prevista dal visto (<em>overstay<\/em>), anche se avviene entro la durata fissata, non \u00e8 consentito.<\/li>\n<\/ul>\n<p>Il <a href=\"https:\/\/eur-lex.europa.eu\/legal-content\/EN\/TXT\/?uri=LEGISSUM%3Ajl0028\">codice dei visti Schengen<\/a> stabilisce criteri specifici per il rilascio dei visti di lunga durata secondo una scala progressiva (art. 24). I visti <u>possono<\/u> essere rilasciati: <em>&#8220;a) per un periodo di validit\u00e0 di un anno, a condizione che il richiedente abbia ottenuto e utilizzato legalmente tre visti nei due anni precedenti; b) per un periodo di validit\u00e0 di due anni, a condizione che il richiedente abbia ottenuto e utilizzato legalmente un precedente visto per ingressi multipli valido per un anno nei due anni precedenti; c) per un periodo di validit\u00e0 di cinque anni, a condizione che il richiedente abbia ottenuto e utilizzato legalmente un precedente visto per ingressi multipli valido per due anni nei tre anni precedenti&#8221;.<\/em><\/p>\n<p>L&#8217;Ambasciata ha in ogni caso il diritto di verificare se il beneficiario di un visto sia rientrato in Libano (o Siria) dopo il viaggio dichiarato in Italia. Nel caso in cui una persona non sia rientrata entro i limiti di validit\u00e0 del visto, <u>l&#8217;Ambasciata ha il dovere di informare la magistratura italiana<\/u>.<\/p>\n<p>&nbsp;<\/p>\n<p><u>Per ulteriori informazioni non disponibili sul sito web di TLS, \u00e8 possibile contattare il l\u2019Ufficio Visti dell&#8217;Ambasciata d&#8217;Italia a Beirut<\/u> all&#8217;indirizzo email <a href=\"mailto:visti.beirut@esteri.it\">visti.beirut@esteri.it<\/a> (si prega di specificare nome, numero di riferimento della domanda e numero di telefono).<\/p>\n","protected":false},"excerpt":{"rendered":"L&#8217;Ambasciata d&#8217;Italia a Beirut si occupa delle domande di visto dei cittadini legalmente residenti in Libano e Siria, soggetti all&#8217;obbligo di visto. \u00c8 competente per il rilascio di: Visti Schengen (tipo C) per soggiorni di breve durata (in Italia e a Malta); Visti nazionali (tipo D) che consentono agli stranieri di richiedere il permesso di [&hellip;]","protected":false},"author":1,"featured_media":0,"parent":48,"menu_order":0,"comment_status":"closed","ping_status":"closed","template":"","meta":{"footnotes":""},"class_list":["post-89","page","type-page","status-publish","hentry"],"_links":{"self":[{"href":"https:\/\/ambbeirut.esteri.it\/it\/wp-json\/wp\/v2\/pages\/89","targetHints":{"allow":["GET"]}}],"collection":[{"href":"https:\/\/ambbeirut.esteri.it\/it\/wp-json\/wp\/v2\/pages"}],"about":[{"href":"https:\/\/ambbeirut.esteri.it\/it\/wp-json\/wp\/v2\/types\/page"}],"author":[{"embeddable":true,"href":"https:\/\/ambbeirut.esteri.it\/it\/wp-json\/wp\/v2\/users\/1"}],"replies":[{"embeddable":true,"href":"https:\/\/ambbeirut.esteri.it\/it\/wp-json\/wp\/v2\/comments?post=89"}],"version-history":[{"count":5,"href":"https:\/\/ambbeirut.esteri.it\/it\/wp-json\/wp\/v2\/pages\/89\/revisions"}],"predecessor-version":[{"id":4201,"href":"https:\/\/ambbeirut.esteri.it\/it\/wp-json\/wp\/v2\/pages\/89\/revisions\/4201"}],"up":[{"embeddable":true,"href":"https:\/\/ambbeirut.esteri.it\/it\/wp-json\/wp\/v2\/pages\/48"}],"wp:attachment":[{"href":"https:\/\/ambbeirut.esteri.it\/it\/wp-json\/wp\/v2\/media?parent=89"}],"curies":[{"name":"wp","href":"https:\/\/api.w.org\/{rel}","templated":true}]}}