{"id":97,"date":"2023-04-11T18:24:01","date_gmt":"2023-04-11T16:24:01","guid":{"rendered":"https:\/\/ambasciatapraga.esteri.it\/?page_id=97"},"modified":"2024-05-14T17:34:37","modified_gmt":"2024-05-14T15:34:37","slug":"fare-affari-in-italia","status":"publish","type":"page","link":"https:\/\/ambbeirut.esteri.it\/it\/italia-e-libano\/diplomazia-economica\/fare-affari-in-italia\/","title":{"rendered":"Fare affari in Italia"},"content":{"rendered":"<p style=\"text-align: justify;\">L\u2019attrazione degli investimenti esteri \u00e8 fra le priorit\u00e0 strategiche del Governo italiano, che \u00e8 fortemente impegnato nella creazione di un ambiente favorevole agli investitori stranieri.<\/p>\n<p style=\"text-align: justify;\">L\u2019Italia \u00e8 la terza economia dell\u2019Eurozona e l\u2019ottava al mondo, con un mercato interno di 60 milioni di persone ed un PIL a prezzi correnti di 2.11 miliardi di dollari USD (FMI, aprile 2021) L\u2019Italia \u00e8 una delle principali porte di accesso a un mercato di 500 milioni di consumatori dell\u2019Unione Europea e a 270 del Nord Africa e del Medio Oriente.<\/p>\n<p style=\"text-align: justify;\">In termini di crescita economica, nel quadriennio 2020-2023 l\u2019Italia ha registrato un\u2019ottima performance con un incremento del PIL pro capite del 4,9% rispetto al 2019. Tra i Paesi G7 soltanto gli Stati Uniti hanno fatto segnare risultati migliori (5,5%). L\u2019export italiano \u00e8 il pi\u00f9 competitivo del G7. Secondo le prime stime del WTO, nel 2023 l\u2019export italiano ha raggiunto un nuovo massimo storico di 677 miliardi di dollari. Nel periodo 2015-2023 l\u2019export italiano in dollari \u00e8 cresciuto del 48%, quasi il doppio della crescita francese (28%) e tedesca (27%) e il triplo di quella giapponese (15%). In termini di bilancia commerciale manifatturiera l\u2019Italia \u00e8 quinta al mondo e seconda in Europa. L\u2019export italiano si caratterizza per essere molto presente in segmenti produttivi ad alto contenuto di conoscenza, come ad esempio il settore farmaceutico e dell\u2019aerospazio. Quanto precede \u00e8 accompagnato anche da un eccellente sistema di ricerca: l\u2019Italia \u00e8 il terzo paese in Europa per pubblicazioni scientifiche. Infine, le piccole e medie imprese (PMI) italiane sono tra le pi\u00f9 innovative d\u2019Europa: la percentuale delle PMI che hanno introdotto innovazioni di prodotto e di processo, strategiche e organizzative, \u00e8 superiore alla media dell\u2019Unione europea. Inoltre, l\u2019Italia e\u2019il Paese in Europa a piu\u2019 alto tasso di accelerazione (l\u201985% ha accelerato sulla digital transformation, contro il 75,3% della media europea).<\/p>\n<p style=\"text-align: justify;\">In questo quadro, per incrementare il flusso di investimenti e di nuovi capitali dall\u2019estero sono state adottate negli ultimi anni diverse misure volte a migliorare l\u2019ambiente per imprese e investitori stranieri. Sul piano fiscale sono stati introdotti: il regime di Patent box (incentivi fiscali legati a opere dell\u2019ingegno e brevetti industriali): il super e iperammortamento previsti dal \u201cPiano Nazionale Industria 4.0\u2033 e tutte le misure volte ad attrarre capitale umano, con sgravi fiscali del 50% per cinque anni per manager e liberi professionisti e del 90% per 4 anni per professori e ricercatori e facilitazioni per gli \u201chigh-net worth individuals\u201d (individui con alto patrimonio netto) che trasferiscono la propria residenza in Italia.<\/p>\n<p style=\"text-align: justify;\">Si segnala inoltre il programma \u201cInvestor Visa for Italy\u201d, che consente l\u2019ingresso e la permanenza di lunga durata in Italia ai cittadini non comunitari a fronte di un investimento nel nostro Paese. Il programma si caratterizza per soglie di investimento ridotte e per l\u2019assenza di requisiti minimi di residenza, essendo sufficiente l\u2019indicazione di un semplice indirizzo PEC. Per maggiori informazioni e per la presentazione della domanda i candidati possono accedere al <a href=\"https:\/\/investorvisa.mise.gov.it\/index.php\/en\/\" target=\"_blank\" rel=\"noopener\">portale dedicato<\/a>.<\/p>\n<p style=\"text-align: justify;\">Sul piano industriale, nel quadro del \u2018\u2019Piano Impresa 4.0\u2019\u2019 si segnalano: il\u00a0<a href=\"http:\/\/www.fondidigaranzia.it\/conosci-il-fondo\/\" target=\"_blank\" rel=\"noopener\">fondo di garanzia pubblico<\/a>\u00a0per l\u2019accesso al credito, destinato alle PMI e ai professionisti per qualunque operazione finanziaria nell\u2019ambito dell\u2019attivit\u00e0 imprenditoriale, il\u00a0credito d\u2019imposta in ricerca e sviluppo, la\u00a0<a href=\"https:\/\/www.mise.gov.it\/index.php\/it\/incentivi\/impresa\/beni-strumentali-nuova-sabatini\" target=\"_blank\" rel=\"noopener\">Nuova Sabatini\u00a0<\/a>sul credito d\u2019imposta (misura che sostiene gli investimenti in macchinari, attrezzature, beni strumentali, hardware,\u00a0<em>software<\/em>\u00a0e tecnologie digitali) ed il sostegno a\u00a0<em>start up<\/em>\u00a0innovative italiane (<a href=\"https:\/\/www.mise.gov.it\/index.php\/it\/incentivi\/impresa\/smart-start\" target=\"_blank\" rel=\"noopener\">Smart &amp; Start<\/a>).<\/p>\n<p style=\"text-align: justify;\">Infine, il\u00a0nuovo Piano Nazionale Transizione 4.0 prevede una maggiore attenzione all\u2019innovazione, agli investimenti green e per le attivit\u00e0 di design e ideazione estetica.<\/p>\n<p style=\"text-align: justify;\">Le principali azioni:<\/p>\n<ul style=\"text-align: justify;\">\n<li><a href=\"https:\/\/www.mise.gov.it\/index.php\/it\/incentivi\/impresa\/credito-d-imposta-beni-strumentali\" target=\"_blank\" rel=\"noopener\">Credito d\u2019imposta per investimenti in beni strumentali<\/a><br \/>\nSupportare e incentivare le imprese che investono in beni strumentali nuovi, materiali e immateriali, funzionali alla trasformazione tecnologica e digitale dei processi produttivi destinati a strutture produttive ubicate nel territorio dello Stato.<\/li>\n<\/ul>\n<ul style=\"text-align: justify;\">\n<li><a href=\"https:\/\/www.mise.gov.it\/index.php\/it\/incentivi\/impresa\/credito-d-imposta-r-s\" target=\"_blank\" rel=\"noopener\">Credito d\u2019imposta ricerca, sviluppo, innovazione e design<\/a><br \/>\nStimolare la spesa privata in Ricerca, Sviluppo e Innovazione tecnologica per sostenere la competitivit\u00e0 delle imprese e favorire i processi di transizione digitale e nell\u2019ambito dell\u2019economia circolare e della sostenibilit\u00e0 ambientale.<\/li>\n<\/ul>\n<ul>\n<li style=\"text-align: justify;\"><a href=\"https:\/\/www.mise.gov.it\/index.php\/it\/incentivi\/impresa\/credito-d-imposta-formazione\" target=\"_blank\" rel=\"noopener\">Credito d\u2019imposta formazione 4.0<\/a><br \/>\nStimolare gli investimenti delle imprese nella formazione del personale sulle materie aventi ad oggetto le tecnologie rilevanti per la trasformazione tecnologica e digitale delle imprese.<\/li>\n<\/ul>\n","protected":false},"excerpt":{"rendered":"L\u2019attrazione degli investimenti esteri \u00e8 fra le priorit\u00e0 strategiche del Governo italiano, che \u00e8 fortemente impegnato nella creazione di un ambiente favorevole agli investitori stranieri. L\u2019Italia \u00e8 la terza economia dell\u2019Eurozona e l\u2019ottava al mondo, con un mercato interno di 60 milioni di persone ed un PIL a prezzi correnti di 2.11 miliardi di dollari [&hellip;]","protected":false},"author":1,"featured_media":0,"parent":43,"menu_order":0,"comment_status":"closed","ping_status":"closed","template":"","meta":{"footnotes":""},"class_list":["post-97","page","type-page","status-publish","hentry"],"_links":{"self":[{"href":"https:\/\/ambbeirut.esteri.it\/it\/wp-json\/wp\/v2\/pages\/97","targetHints":{"allow":["GET"]}}],"collection":[{"href":"https:\/\/ambbeirut.esteri.it\/it\/wp-json\/wp\/v2\/pages"}],"about":[{"href":"https:\/\/ambbeirut.esteri.it\/it\/wp-json\/wp\/v2\/types\/page"}],"author":[{"embeddable":true,"href":"https:\/\/ambbeirut.esteri.it\/it\/wp-json\/wp\/v2\/users\/1"}],"replies":[{"embeddable":true,"href":"https:\/\/ambbeirut.esteri.it\/it\/wp-json\/wp\/v2\/comments?post=97"}],"version-history":[{"count":4,"href":"https:\/\/ambbeirut.esteri.it\/it\/wp-json\/wp\/v2\/pages\/97\/revisions"}],"predecessor-version":[{"id":2584,"href":"https:\/\/ambbeirut.esteri.it\/it\/wp-json\/wp\/v2\/pages\/97\/revisions\/2584"}],"up":[{"embeddable":true,"href":"https:\/\/ambbeirut.esteri.it\/it\/wp-json\/wp\/v2\/pages\/43"}],"wp:attachment":[{"href":"https:\/\/ambbeirut.esteri.it\/it\/wp-json\/wp\/v2\/media?parent=97"}],"curies":[{"name":"wp","href":"https:\/\/api.w.org\/{rel}","templated":true}]}}