{"id":99,"date":"2023-04-11T18:24:38","date_gmt":"2023-04-11T16:24:38","guid":{"rendered":"https:\/\/ambasciatapraga.esteri.it\/?page_id=99"},"modified":"2025-05-16T16:05:24","modified_gmt":"2025-05-16T14:05:24","slug":"studiare-in-italia","status":"publish","type":"page","link":"https:\/\/ambbeirut.esteri.it\/it\/italia-e-libano\/diplomazia-culturale\/studiare-in-italia\/","title":{"rendered":"Studiare in Italia"},"content":{"rendered":"<p style=\"text-align: justify;\">Ogni anno il\u00a0<a href=\"https:\/\/www.mur.gov.it\/it\">Ministero dell\u2019Universit\u00e0 e della Ricerca (MUR)<\/a>\u00a0pubblica le norme per l\u2019accesso degli studenti stranieri ai corsi universitari.<\/p>\n<p style=\"text-align: justify;\">Per avere informazioni sulle procedure e sul calendario degli adempimenti per l\u2019immatricolazione alle Universit\u00e0 italiane, alle Accademie di Belle Arti, ai Conservatori, alle Scuole di specializzazione e ad altri corsi, nonch\u00e9 sull\u2019offerta accademiche delle Universit\u00e0 italiane e sulle borse di studio, \u00e8 possibile consultare <strong>il portale <\/strong><a href=\"https:\/\/www.universitaly.it\/\"><strong>Universitaly<\/strong><\/a><strong>.<\/strong><\/p>\n<p style=\"text-align: justify;\">Sono disponibili le istruzioni per <strong><u>l\u2019immatricolazione degli studenti stranieri extra UE per accademico <\/u><\/strong>a tutti i corsi di:<\/p>\n<ul style=\"text-align: justify;\">\n<li>Laurea\/Laurea Magistrale\/Laurea Magistrale a Ciclo Unico\u00a0<em>(Universit\u00e0\/ Politecnici)<\/em><\/li>\n<li>Corsi di Diploma Accademico di 1\u00b0\/2\u00ba livello presso le istituzioni di Alta Formazione Artistica e Musicale-AFAM\u00a0<em>(Accademie di Belle Arti, Accademia Nazionale di Danza, Accademia Nazionale d\u2019Arte Drammatica, Accademie di Belle arti Legalmente Riconosciute, Conservatori di Musica, Istituti Musicali Pareggiati e Istituti Superiori per le Industrie Artistiche)<\/em>.<\/li>\n<\/ul>\n<p style=\"text-align: justify;\">Le informazioni relative alle <u>procedure di immatricolazione<\/u> e alla documentazione necessaria per la <u>domanda di visto per studio\/immatricolazione<\/u> sono disponibili al seguente link: <strong><a href=\"https:\/\/ambbeirut.esteri.it\/wp-content\/uploads\/2025\/05\/Nuovo-Annuncio-Iscrizioni-2025-2026-IT.pdf\">IMMATRICOLAZIONE STUDENTI STRANIERI EXTRA-UE &#8211; A.A. 2025\/2026<\/a><\/strong>.<\/p>\n<p style=\"text-align: justify;\">Le informazioni sul <u>riconoscimento dei titoli di studio esteri e per richiedere una dichiarazione di valore<\/u> sono pubblicate qui:\u00a0<a href=\"https:\/\/ambbeirut.esteri.it\/it\/servizi-consolari-e-visti\/servizi-per-il-cittadino-straniero\/riconoscimento-dei-titoli-di-studio-esteri-e-dichiarazione-di-valore\/\">Riconoscimento dei titoli di studio esteri e Dichiarazione di valore<\/a><u> . <\/u><\/p>\n<p style=\"text-align: justify;\"><strong><u>FAQ<\/u><\/strong><\/p>\n<p style=\"text-align: justify;\"><strong>1- <u>Se lo richiede l\u2019universit\u00e0 in fase di preiscrizione, come posso richiedere il codice fiscale?<\/u><\/strong><\/p>\n<p style=\"text-align: justify;\">Gli studenti che necessitino del <strong><u>codice fiscale<\/u><\/strong> per la preiscrizione all\u2019Universit\u00e0 possono ottenerlo automaticamente sul Portale UNIVERSITALY durante la domanda di preiscrizione. L\u2019attribuzione del Codice Fiscale potr\u00e0 essere perfezionata:<\/p>\n<ol style=\"text-align: justify;\">\n<li>presso lo Sportello Unico dell\u2019Immigrazione o dalla Questura al momento della richiesta del permesso di soggiorno, dagli studenti extra UE;<\/li>\n<li>dall\u2019Agenzia delle Entrate presentando il modulo AA4\/8, dagli studenti UE.<\/li>\n<\/ol>\n<p style=\"text-align: justify;\">Ulteriori informazioni sono disponibili qui: <a href=\"https:\/\/ambbeirut.esteri.it\/it\/servizi-consolari-e-visti\/servizi-per-il-cittadino-straniero\/codice-fiscale\/\">Codice fiscale<\/a><\/p>\n<p style=\"text-align: justify;\"><strong>&#8211; <u>Se la mia dichiarazione di valore (richiesta dall\u2019Universit\u00e0 per completare l\u2019iscrizione) non \u00e8 ancora pronta, posso presentare domanda di visto per studio\/immatricolazione? <\/u><\/strong><\/p>\n<p style=\"text-align: justify;\">Si, puoi presentare domanda di visto, ma questo non potr\u00e0 essere rilasciato fino al momento in cui non manderai la dichiarazione di valore alla tua universit\u00e0 e questa valider\u00e0 la tua preiscrizione.<\/p>\n<p style=\"text-align: justify;\"><strong>&#8211; <u>Se devo fare un esame di ammissione all\u2019Universit\u00e0, che tipologia di visto devo richiedere? <\/u><\/strong><\/p>\n<ol style=\"text-align: justify;\">\n<li>Se hai un esame di ammissione che si terr\u00e0 prima del 20 agosto, devi richiedere un visto Schengen di breve durata (tipo C) per studio (gratuito). In caso di superamento dell&#8217;esame, successivamente dovrai richiedere un visto per studio\/immatricolazione di lungo periodo (tipo D).<\/li>\n<li>Se l&#8217;esame di ammissione si terr\u00e0 dopo il 20 agosto, dovrai richiedere direttamente un visto per studio\/immatricolazione (tipo D).<\/li>\n<\/ol>\n<p style=\"text-align: justify;\"><strong>&#8211; <u>Quanto tempo \u00e8 necessario per il rilascio di un visto per studio\/immatricolazione? <\/u><\/strong><\/p>\n<p style=\"text-align: justify;\">Per il rilascio di un visto D per studio\/immatricolazione per titolari di passaporto libanese o siriano, sono necessaria minimo 20 giorni. Pertanto, si prega di presentare la domanda <u>almeno un mese prima della data di viaggio<\/u> prevista.<\/p>\n<p style=\"text-align: justify;\"><strong>&#8211; <u>Posso viaggiare in Libano\/Siria prima del rilascio del mio permesso di soggiorno per studio (con la ricevuta della domanda di permesso di soggiorno) e poi tornare in Italia? <\/u><\/strong><\/p>\n<p style=\"text-align: justify;\">Puoi viaggiare in Libano\/Siria e poi tornare in Italia senza problema finche\u2019 il tuo visto \u00e8 valido. Se il tuo visto \u00e8 scaduto e non hai ancora ricevuto il permesso di soggiorno ma hai soltanto la ricevuta della domanda, ti suggeriamo fortemente di <strong>NON<\/strong> uscire dall\u2019Italia. Altrimenti, per rientrare in Italia dovrai fare domanda di visto per REINGRESSO, che necessita di nulla-osta della Questura competente e pu\u00f2 richiedere fino a 90 giorno.<\/p>\n","protected":false},"excerpt":{"rendered":"Ogni anno il\u00a0Ministero dell\u2019Universit\u00e0 e della Ricerca (MUR)\u00a0pubblica le norme per l\u2019accesso degli studenti stranieri ai corsi universitari. Per avere informazioni sulle procedure e sul calendario degli adempimenti per l\u2019immatricolazione alle Universit\u00e0 italiane, alle Accademie di Belle Arti, ai Conservatori, alle Scuole di specializzazione e ad altri corsi, nonch\u00e9 sull\u2019offerta accademiche delle Universit\u00e0 italiane e [&hellip;]","protected":false},"author":1,"featured_media":0,"parent":44,"menu_order":0,"comment_status":"closed","ping_status":"closed","template":"","meta":{"footnotes":""},"class_list":["post-99","page","type-page","status-publish","hentry"],"_links":{"self":[{"href":"https:\/\/ambbeirut.esteri.it\/it\/wp-json\/wp\/v2\/pages\/99","targetHints":{"allow":["GET"]}}],"collection":[{"href":"https:\/\/ambbeirut.esteri.it\/it\/wp-json\/wp\/v2\/pages"}],"about":[{"href":"https:\/\/ambbeirut.esteri.it\/it\/wp-json\/wp\/v2\/types\/page"}],"author":[{"embeddable":true,"href":"https:\/\/ambbeirut.esteri.it\/it\/wp-json\/wp\/v2\/users\/1"}],"replies":[{"embeddable":true,"href":"https:\/\/ambbeirut.esteri.it\/it\/wp-json\/wp\/v2\/comments?post=99"}],"version-history":[{"count":6,"href":"https:\/\/ambbeirut.esteri.it\/it\/wp-json\/wp\/v2\/pages\/99\/revisions"}],"predecessor-version":[{"id":4199,"href":"https:\/\/ambbeirut.esteri.it\/it\/wp-json\/wp\/v2\/pages\/99\/revisions\/4199"}],"up":[{"embeddable":true,"href":"https:\/\/ambbeirut.esteri.it\/it\/wp-json\/wp\/v2\/pages\/44"}],"wp:attachment":[{"href":"https:\/\/ambbeirut.esteri.it\/it\/wp-json\/wp\/v2\/media?parent=99"}],"curies":[{"name":"wp","href":"https:\/\/api.w.org\/{rel}","templated":true}]}}